{"id":1483,"date":"2024-11-13T16:51:39","date_gmt":"2024-11-13T15:51:39","guid":{"rendered":"https:\/\/grupaed.uni-landau.de\/lingo-und-parla\/?page_id=1483"},"modified":"2024-11-13T16:59:18","modified_gmt":"2024-11-13T15:59:18","slug":"repa","status":"publish","type":"page","link":"https:\/\/grupaed.uni-landau.de\/lingo-und-parla\/repa\/","title":{"rendered":"Ein Referenzrahmen f\u00fcr plurale Ans\u00e4tze zu Sprachen und Kulturen"},"content":{"rendered":"\n<div class=\"wp-block-media-text is-stacked-on-mobile\" style=\"grid-template-columns:41% auto\"><figure class=\"wp-block-media-text__media\"><img loading=\"lazy\" decoding=\"async\" width=\"300\" height=\"87\" src=\"https:\/\/grupaed.uni-landau.de\/lingo-und-parla\/wp-content\/uploads\/2024\/11\/carap-logo-DE.png\" alt=\"\" class=\"wp-image-1486 size-full\"\/><\/figure><div class=\"wp-block-media-text__content\">\n<p>Diese Publikation er\u00f6ffnet M\u00f6glichkeiten zur Anwendung pluraler Ans\u00e4tze im Unterricht, um mehrsprachige und interkulturelle Kompetenzen der Lernenden in allen F\u00e4chern zu st\u00e4rken. Der Begriff <em>plurale Ans\u00e4tze zu Sprachen und Kulturen<\/em> bezieht sich auf Lehr- und Lernverfahren, die zugleich mehr als eine \/ mehrere Sprachen bzw. sprachliche Variet\u00e4ten und Kulturen einbeziehen.<\/p>\n\n\n<a class=\"wp-block-read-more\" href=\"https:\/\/grupaed.uni-landau.de\/lingo-und-parla\/repa\/\" target=\"_self\">https:\/\/carap.ecml.at\/<span class=\"screen-reader-text\">: Ein Referenzrahmen f\u00fcr plurale Ans\u00e4tze zu Sprachen und Kulturen<\/span><\/a><\/div><\/div>\n\n\n\n<div style=\"height:34px\" aria-hidden=\"true\" class=\"wp-block-spacer\"><\/div>\n\n\n\n<p>&#8222;Ein Referenzrahmen f\u00fcr Plurale Ans\u00e4tze zu Sprachen und Kulturen&#8220; ist angesiedelt am Europ\u00e4ischen Fremdsprachenzentrum des Europarates (EFSZ) in Graz.<\/p>\n\n\n\n<p><\/p>\n","protected":false},"excerpt":{"rendered":"<p>&#8222;Ein Referenzrahmen f\u00fcr Plurale Ans\u00e4tze zu Sprachen und Kulturen&#8220; ist angesiedelt am Europ\u00e4ischen Fremdsprachenzentrum des Europarates (EFSZ) in Graz.<\/p>\n","protected":false},"author":2,"featured_media":1486,"parent":0,"menu_order":0,"comment_status":"closed","ping_status":"closed","template":"","meta":{"footnotes":""},"class_list":["post-1483","page","type-page","status-publish","has-post-thumbnail","hentry"],"_links":{"self":[{"href":"https:\/\/grupaed.uni-landau.de\/lingo-und-parla\/wp-json\/wp\/v2\/pages\/1483","targetHints":{"allow":["GET"]}}],"collection":[{"href":"https:\/\/grupaed.uni-landau.de\/lingo-und-parla\/wp-json\/wp\/v2\/pages"}],"about":[{"href":"https:\/\/grupaed.uni-landau.de\/lingo-und-parla\/wp-json\/wp\/v2\/types\/page"}],"author":[{"embeddable":true,"href":"https:\/\/grupaed.uni-landau.de\/lingo-und-parla\/wp-json\/wp\/v2\/users\/2"}],"replies":[{"embeddable":true,"href":"https:\/\/grupaed.uni-landau.de\/lingo-und-parla\/wp-json\/wp\/v2\/comments?post=1483"}],"version-history":[{"count":4,"href":"https:\/\/grupaed.uni-landau.de\/lingo-und-parla\/wp-json\/wp\/v2\/pages\/1483\/revisions"}],"predecessor-version":[{"id":1492,"href":"https:\/\/grupaed.uni-landau.de\/lingo-und-parla\/wp-json\/wp\/v2\/pages\/1483\/revisions\/1492"}],"wp:featuredmedia":[{"embeddable":true,"href":"https:\/\/grupaed.uni-landau.de\/lingo-und-parla\/wp-json\/wp\/v2\/media\/1486"}],"wp:attachment":[{"href":"https:\/\/grupaed.uni-landau.de\/lingo-und-parla\/wp-json\/wp\/v2\/media?parent=1483"}],"curies":[{"name":"wp","href":"https:\/\/api.w.org\/{rel}","templated":true}]}}