{"id":152,"date":"2019-09-03T19:13:46","date_gmt":"2019-09-03T17:13:46","guid":{"rendered":"https:\/\/grupaed.uni-landau.de\/wildemann\/?page_id=152"},"modified":"2021-01-12T11:53:17","modified_gmt":"2021-01-12T10:53:17","slug":"koopereationen-mit-schulen","status":"publish","type":"page","link":"https:\/\/grupaed.uni-landau.de\/lingo-und-parla\/koopereationen-mit-schulen\/","title":{"rendered":"Kooperationen mit Schulen"},"content":{"rendered":"\n<figure class=\"wp-block-image size-large\"><img loading=\"lazy\" decoding=\"async\" width=\"1024\" height=\"114\" src=\"https:\/\/grupaed.uni-landau.de\/lingo-und-parla\/wp-content\/uploads\/2020\/03\/CampusSchule-1024x114.jpg\" alt=\"\" class=\"wp-image-431\" srcset=\"https:\/\/grupaed.uni-landau.de\/lingo-und-parla\/wp-content\/uploads\/2020\/03\/CampusSchule-1024x114.jpg 1024w, https:\/\/grupaed.uni-landau.de\/lingo-und-parla\/wp-content\/uploads\/2020\/03\/CampusSchule-300x34.jpg 300w, https:\/\/grupaed.uni-landau.de\/lingo-und-parla\/wp-content\/uploads\/2020\/03\/CampusSchule-768x86.jpg 768w, https:\/\/grupaed.uni-landau.de\/lingo-und-parla\/wp-content\/uploads\/2020\/03\/CampusSchule-1536x172.jpg 1536w, https:\/\/grupaed.uni-landau.de\/lingo-und-parla\/wp-content\/uploads\/2020\/03\/CampusSchule-2048x229.jpg 2048w\" sizes=\"auto, (max-width: 1024px) 100vw, 1024px\" \/><\/figure>\n\n\n\n<p>Prof. Dr. Anja Wildemann ist im Beirat von CampusSchule der Universit\u00e4t Koblenz-Landau am Campus Landau. CampusSchule verbindet die universit\u00e4re Lehre und Forschung mit den Herausforderungen der schulp\u00e4dagogischen Praxis. In interdisziplin\u00e4rer Zusammenarbeit kooperieren darin seit 2011 Lehrkr\u00e4fte mit Wissenschaftlerinnen und Wissenschaftlern, um wissenschaftliche Erkenntnisse im Rahmen einer modernen Lehrerbildung sowie in p\u00e4dagogisch-praktischen Probleml\u00f6sungen zu gewinnen wie auch einzubeziehen. Die Leitidee von CampusSchule ist es, vor dem Hintergrund zunehmender Heterogenit\u00e4t in der Gesellschaft, ein allgemeines und konkret anwendbares Modell f\u00fcr die Verkn\u00fcpfung von universit\u00e4rer Forschung und Lehre mit der Praxis \u00f6ffentlicher Schulen zu entwickeln. Daf\u00fcr werden zun\u00e4chst langfristige institutionalisierte Kooperationen mit Campus-Schulen verschiedener Schularten auf- und ausgebaut. Perspektivisches Ziel ist der Aufbau eines Netzwerkes CampusSchule, d.h. eines Verbundes aller Campus-Schulen und weiterer interessierter \u00f6ffentlicher Schulen im s\u00fcdpf\u00e4lzischen Raum, in denen CampusSchule-Projekte im Rahmen gemeinsamer, wissenschaftlich fundierter Forschung sowie Schul- und Unterrichtspraxis durchgef\u00fchrt werden.<\/p>\n\n\n\n<p><\/p>\n\n\n\n<hr class=\"wp-block-separator\"\/>\n\n\n\n<h2 class=\"wp-block-heading\">Netzwerk &#8222;Migration und Mehrsprachigkeit&#8220;<\/h2>\n\n\n\n<p>Au\u00dferdem is Frau Prof. Dr. Anja Wildemann Mitglied des Netzwerkes \u201eMigration und Mehrsprachigkeit\u201c und in diesem Zuge Mitherausgeberin des gleichnamigen Newsletters, der seit 2016 zweimal im Jahr erscheint. Weitere Informationen unter: <a href=\"https:\/\/www.uni-koblenz-landau.de\/de\/landau\/zlb\/netzwerke\/migration-und-mehrsprachigkeit\">https:\/\/www.uni-koblenz-landau.de\/de\/landau\/zlb\/netzwerke\/migration-und-mehrsprachigkeit<\/a><\/p>\n\n\n\n<hr class=\"wp-block-separator\"\/>\n\n\n\n<h2 class=\"wp-block-heading\"> <strong>MehrSprachen im Deutschunterricht<\/strong> <\/h2>\n\n\n\n<div class=\"wp-block-image\"><figure class=\"alignleft size-large\"><img loading=\"lazy\" decoding=\"async\" width=\"200\" height=\"101\" src=\"https:\/\/grupaed.uni-landau.de\/lingo-und-parla\/wp-content\/uploads\/2020\/03\/mehrsprachen.png\" alt=\"Logo MehrSprachen\" class=\"wp-image-424\"\/><\/figure><\/div>\n\n\n\n<p><strong>Eine Interventionsstudie zur F\u00f6rderung von Sprachkompetenzen und Sprachbewusstheit in der Grundschule (BMBF-Projekt, F\u00f6rderkennzeichen 01JM1603)<\/strong><\/p>\n\n\n\n<p>Das Transferprojekt \u00abMehrSprachen im Deutschunterricht \u2013 eine Interventionsstudie zur F\u00f6rderung von Sprachkompetenzen und Sprachbewusstheit in der Grundschule\u00bb (Akronym: MehrSprachen) untersucht die Auswirkungen eines sprachreflexiven Deutschunterrichts, in dem explizit Sprachthematisierungen herbeigef\u00fchrt werden, auf die allgemein- und metasprachlichen Kompetenzen mono- und multilingualer Sch\u00fcler*innen am Ende der Primarstufe. Die zentrale Fragestellung dabei ist, ob Sch\u00fcler*innen von einem Deutschunterricht, in dem sprachliche Ph\u00e4nomene explizit und durch Einbeziehung mehrerer Sprachen thematisiert werden, profitieren. F\u00f6rderzeitraum 2016-2019. <\/p>\n\n\n\n<div class=\"wp-block-image\"><figure class=\"aligncenter size-large is-resized\"><img decoding=\"async\" src=\"https:\/\/grupaed.uni-landau.de\/lingo-und-parla\/wp-content\/uploads\/2020\/03\/BfBF.png\" alt=\"Bundesministerium f\u00fcr Bildung und Forschung\" class=\"wp-image-423\" width=\"150\" srcset=\"https:\/\/grupaed.uni-landau.de\/lingo-und-parla\/wp-content\/uploads\/2020\/03\/BfBF.png 881w, https:\/\/grupaed.uni-landau.de\/lingo-und-parla\/wp-content\/uploads\/2020\/03\/BfBF-300x213.png 300w, https:\/\/grupaed.uni-landau.de\/lingo-und-parla\/wp-content\/uploads\/2020\/03\/BfBF-768x545.png 768w\" sizes=\"(max-width: 881px) 100vw, 881px\" \/><\/figure><\/div>\n","protected":false},"excerpt":{"rendered":"<p><b>CampusSchule:<\/b> Verbindung universit\u00e4rer Lehre mit schulp\u00e4dagogischer Praxis<br \/>\n<br \/>\n<b>Netzwerk <\/b>\u201eMigration und Mehrsprachigkeit\u201c<br \/>\n<br \/>\n<b>MehrSprachen:<\/b> Interventionsstudie zur F\u00f6rderung von Sprachkompetenzen und Sprachbewusstheit<\/p>\n","protected":false},"author":1,"featured_media":0,"parent":0,"menu_order":0,"comment_status":"closed","ping_status":"closed","template":"template-fullwidth.php","meta":{"footnotes":""},"class_list":["post-152","page","type-page","status-publish","hentry"],"_links":{"self":[{"href":"https:\/\/grupaed.uni-landau.de\/lingo-und-parla\/wp-json\/wp\/v2\/pages\/152","targetHints":{"allow":["GET"]}}],"collection":[{"href":"https:\/\/grupaed.uni-landau.de\/lingo-und-parla\/wp-json\/wp\/v2\/pages"}],"about":[{"href":"https:\/\/grupaed.uni-landau.de\/lingo-und-parla\/wp-json\/wp\/v2\/types\/page"}],"author":[{"embeddable":true,"href":"https:\/\/grupaed.uni-landau.de\/lingo-und-parla\/wp-json\/wp\/v2\/users\/1"}],"replies":[{"embeddable":true,"href":"https:\/\/grupaed.uni-landau.de\/lingo-und-parla\/wp-json\/wp\/v2\/comments?post=152"}],"version-history":[{"count":12,"href":"https:\/\/grupaed.uni-landau.de\/lingo-und-parla\/wp-json\/wp\/v2\/pages\/152\/revisions"}],"predecessor-version":[{"id":465,"href":"https:\/\/grupaed.uni-landau.de\/lingo-und-parla\/wp-json\/wp\/v2\/pages\/152\/revisions\/465"}],"wp:attachment":[{"href":"https:\/\/grupaed.uni-landau.de\/lingo-und-parla\/wp-json\/wp\/v2\/media?parent=152"}],"curies":[{"name":"wp","href":"https:\/\/api.w.org\/{rel}","templated":true}]}}