{"id":1525,"date":"2025-02-26T13:14:24","date_gmt":"2025-02-26T12:14:24","guid":{"rendered":"https:\/\/grupaed.uni-landau.de\/lingo-und-parla\/?page_id=1525"},"modified":"2025-02-26T14:47:30","modified_gmt":"2025-02-26T13:47:30","slug":"bunte-sprachen","status":"publish","type":"page","link":"https:\/\/grupaed.uni-landau.de\/lingo-und-parla\/unterrichtsmaterial\/bunte-sprachen\/","title":{"rendered":"Bunte Sprachen"},"content":{"rendered":"\n<div class=\"material_ansicht\"><div class=\"listing-item\"><a class=\"image\" href=\"https:\/\/grupaed.uni-landau.de\/lingo-und-parla\/material\/bunte-sprachen-material\/farben-sprachkontrastiv\/\"><img loading=\"lazy\" decoding=\"async\" width=\"150\" height=\"150\" src=\"https:\/\/grupaed.uni-landau.de\/lingo-und-parla\/wp-content\/uploads\/2025\/02\/Beitragbild-2-1-150x150.png\" class=\"attachment-thumbnail size-thumbnail wp-post-image\" alt=\"\" \/><\/a> <a class=\"title\" href=\"https:\/\/grupaed.uni-landau.de\/lingo-und-parla\/material\/bunte-sprachen-material\/farben-sprachkontrastiv\/\">Bunte Sprachen<\/a> <span class=\"excerpt\">Dieses Material beinhaltet ein Arbeitsblatt und vier Begleitbl\u00e4tter. Das Arbeitsblatt holt die Sch\u00fclerinnen und Sch\u00fcler in ihren Lebenswelten haben und l\u00e4dt sie zu Sprachvergleichen \u00fcber Farben ein. Das Begleitmaterial zeigt ...<\/span><\/div><div class=\"listing-item\"><a class=\"image\" href=\"https:\/\/grupaed.uni-landau.de\/lingo-und-parla\/material\/bunte-sprachen-material\/personenbeschreibungen-lingo-parla\/\"><img loading=\"lazy\" decoding=\"async\" width=\"150\" height=\"150\" src=\"https:\/\/grupaed.uni-landau.de\/lingo-und-parla\/wp-content\/uploads\/2025\/02\/Beitragbild-1-150x150.png\" class=\"attachment-thumbnail size-thumbnail wp-post-image\" alt=\"\" \/><\/a> <a class=\"title\" href=\"https:\/\/grupaed.uni-landau.de\/lingo-und-parla\/material\/bunte-sprachen-material\/personenbeschreibungen-lingo-parla\/\">Personenbeschreibungen Lingo &amp; Parla<\/a> <span class=\"excerpt\">Mit dem Material &#8222;Lingo &#8211; Der bunte Sprachendrache&#8220; und &#8222;Parla &#8211; Die bunte Sprachendrachin&#8220; werden Sch\u00fclerinnen und Sch\u00fcler dazu aufgefordert die bunte Sch\u00f6nheit der beiden Drachen zu beschreiben. Welche Kompetenzen ...<\/span><\/div><\/div>\n\n\n\n<p><\/p>\n","protected":false},"excerpt":{"rendered":"","protected":false},"author":2,"featured_media":0,"parent":274,"menu_order":0,"comment_status":"closed","ping_status":"closed","template":"template-right-sidebar.php","meta":{"footnotes":""},"class_list":["post-1525","page","type-page","status-publish","hentry"],"_links":{"self":[{"href":"https:\/\/grupaed.uni-landau.de\/lingo-und-parla\/wp-json\/wp\/v2\/pages\/1525","targetHints":{"allow":["GET"]}}],"collection":[{"href":"https:\/\/grupaed.uni-landau.de\/lingo-und-parla\/wp-json\/wp\/v2\/pages"}],"about":[{"href":"https:\/\/grupaed.uni-landau.de\/lingo-und-parla\/wp-json\/wp\/v2\/types\/page"}],"author":[{"embeddable":true,"href":"https:\/\/grupaed.uni-landau.de\/lingo-und-parla\/wp-json\/wp\/v2\/users\/2"}],"replies":[{"embeddable":true,"href":"https:\/\/grupaed.uni-landau.de\/lingo-und-parla\/wp-json\/wp\/v2\/comments?post=1525"}],"version-history":[{"count":6,"href":"https:\/\/grupaed.uni-landau.de\/lingo-und-parla\/wp-json\/wp\/v2\/pages\/1525\/revisions"}],"predecessor-version":[{"id":1549,"href":"https:\/\/grupaed.uni-landau.de\/lingo-und-parla\/wp-json\/wp\/v2\/pages\/1525\/revisions\/1549"}],"up":[{"embeddable":true,"href":"https:\/\/grupaed.uni-landau.de\/lingo-und-parla\/wp-json\/wp\/v2\/pages\/274"}],"wp:attachment":[{"href":"https:\/\/grupaed.uni-landau.de\/lingo-und-parla\/wp-json\/wp\/v2\/media?parent=1525"}],"curies":[{"name":"wp","href":"https:\/\/api.w.org\/{rel}","templated":true}]}}