{"id":236,"date":"2020-01-22T16:54:58","date_gmt":"2020-01-22T15:54:58","guid":{"rendered":"https:\/\/grupaed.uni-landau.de\/wildemann\/?page_id=236"},"modified":"2021-01-08T10:03:09","modified_gmt":"2021-01-08T09:03:09","slug":"sprachbeschreibungen","status":"publish","type":"page","link":"https:\/\/grupaed.uni-landau.de\/lingo-und-parla\/unterrichtsmaterial\/sprachbeschreibungen\/","title":{"rendered":"Sprachbeschreibungen"},"content":{"rendered":"\n<h1 class=\"wp-block-heading\">Sprachensteckbriefe\nf\u00fcr den Sprachenvergleich<\/h1>\n\n\n\n<p>Der Kompetenzbereich \u201eSprache und Sprachgebrauch untersuchen\u201c\nist als ein zentraler Lernbereich in den Bildungsstandards f\u00fcr das Fach Deutsch\nin der Primarstufe ausgewiesen. Er bietet den Lehrkr\u00e4ften die M\u00f6glichkeit, bei\nden Kindern ihrer Klasse ein Bewusstsein f\u00fcr Sprache(n) anzubahnen sowie die\nGelegenheit, vielf\u00e4ltige Spracherfahrungen einzubringen (vgl. KMK 2004, 9). <\/p>\n\n\n\n<p>Eine Umsetzung des Teilbereichs \u201eGemeinsamkeiten und\nUnterschiede von Sprachen entdecken\u201c kann mittels der Methode des\nSprachvergleichs gelingen, der in der Deutschdidaktik als etablierter Weg gilt,\nSprachbewusstheit und Sprachwissen anzubahnen und eine\nMehrsprachigkeitsdidaktik zu realisieren.<\/p>\n\n\n\n<p>Jeuk (2014, 395f.) sieht die Vorteile eines sprachenvergleichenden\nDeutschunterrichts auf zwei Zieldimensionen:<\/p>\n\n\n\n<ul class=\"wp-block-list\"><li>Affektive Ziele:<ul><li>F\u00f6rdert\nEinf\u00fchlungsverm\u00f6gen, Toleranz und Kooperationsf\u00e4higkeit<\/li><\/ul><ul><li>Weckt Interesse und\nNeugier f\u00fcr das Eigene und Fremde<\/li><\/ul><ul><li>Mehrsprachige\nSch\u00fclerInnen k\u00f6nnen ihre Kompetenzen einbringen<\/li><\/ul><ul><li>Schafft Freude am Umgang\nmit sprachlichen Funktionen und Formen<\/li><\/ul><\/li><\/ul>\n\n\n\n<ul class=\"wp-block-list\"><li>Kognitive Ziele: <ul><li>Baut Wissen \u00fcber andere\nSprachen und Kulturen auf<\/li><\/ul><ul><li>Bietet Einblicke in den\nBau von Sprachen<\/li><\/ul><ul><li>Veranschaulicht unterschiedliche\nM\u00f6glichkeiten des Gebrauchs sprachlicher Mittel<\/li><\/ul><ul><li>Bahnt die F\u00e4higkeit an,\n\u00fcber sprachliche Ph\u00e4nomene kommunizieren zu k\u00f6nnen<\/li><\/ul><ul><li>F\u00f6rdert die Analysef\u00e4higkeit\nund \u00dcbersetzungsf\u00e4higkeit<\/li><\/ul><ul><li>Provoziert eine Auseinandersetzung\nmit dem eigenen Lernprozess<\/li><\/ul><\/li><\/ul>\n\n\n\n<p>Die Sprachensteckbriefe aus dem <strong>Projekt MehrSprachen<\/strong>, die Sie auf den n\u00e4chsten Seiten finden, stellen ein Werkzeug dar, welches Sie bei der Gestaltung sprachenvergleichender Lernangebote unterst\u00fctzt. <\/p>\n\n\n\n<p>Anders als in gew\u00f6hnlichen Steckbriefen, in denen oft nur die\nCharakteristika der entsprechenden Sprache benannt sind, werden hier die f\u00fcr\nden Vergleich geeigneten sprachlichen Ph\u00e4nomene immer der deutschen Sprache\ngegen\u00fcbergestellt. Die Gemeinsamkeiten und Besonderheiten beider Sprachen werden\ndadurch offensichtlich. Hierdurch erhalten Sie einen Pool an sprachlichen\nWissenseinheiten, die Sie als Ausgangspunkt f\u00fcr die Gestaltung eigener\nsprachenvergleichender Impulse nutzen k\u00f6nnen.<\/p>\n\n\n\n<h3 class=\"wp-block-heading\">Literatur<\/h3>\n\n\n\n<p>Jeuk, Stefan (2014): Sprachvergleich\nals methodischer Zugang. In: Hildegard Gornik (Hg.): Sprachreflexion und\nGrammatikunterricht. Baltmannsweiler: Schneider-Verl. Hohengehren\n(Deutschunterricht in Theorie und Praxis, DTP; Handbuch zur Didaktik der\ndeutschen Sprache und Literatur in elf B\u00e4nden \/ hrsg. von Winfried Ulrich ; Bd.\n6), S. 385\u2013397.<\/p>\n\n\n\n<p>St\u00e4ndige Konferenz der Kultusminister der L\u00e4nder in der\nBundesrepublik Deutschland (2005): Bildungsstandards im Fach Deutsch f\u00fcr den\nPrimarbereich. (Jahrgangsstufe 4) ; [Beschluss vom 15.10.2004]. Neuwied:\nLuchterhand.<\/p>\n\n\n\n<h3 class=\"wp-block-heading\">Downloads<\/h3>\n\n\n\n\n<div class=\"material_ansicht\"><div class=\"listing-item\"><a class=\"image\" href=\"https:\/\/grupaed.uni-landau.de\/lingo-und-parla\/material\/albanisch-deutsch\/\"><img loading=\"lazy\" decoding=\"async\" width=\"150\" height=\"150\" src=\"https:\/\/grupaed.uni-landau.de\/lingo-und-parla\/wp-content\/uploads\/2020\/01\/steckbrief_albanisch-150x150.png\" class=\"attachment-thumbnail size-thumbnail wp-post-image\" alt=\"steckbrief_albanisch\" \/><\/a> <a class=\"title\" href=\"https:\/\/grupaed.uni-landau.de\/lingo-und-parla\/material\/albanisch-deutsch\/\">Albanisch<\/a> <span class=\"excerpt\">Sprachvergleich Albanisch - Deutsch<\/span><\/div><div class=\"listing-item\"><a class=\"image\" href=\"https:\/\/grupaed.uni-landau.de\/lingo-und-parla\/material\/armenisch\/\"><img loading=\"lazy\" decoding=\"async\" width=\"150\" height=\"150\" src=\"https:\/\/grupaed.uni-landau.de\/lingo-und-parla\/wp-content\/uploads\/2021\/10\/Bildschirmfoto-2021-10-22-um-15.38.52-150x150.png\" class=\"attachment-thumbnail size-thumbnail wp-post-image\" alt=\"\" \/><\/a> <a class=\"title\" href=\"https:\/\/grupaed.uni-landau.de\/lingo-und-parla\/material\/armenisch\/\">Armenisch<\/a> <span class=\"excerpt\">Sprachvergleich Armenisch - Deutsch<\/span><\/div><div class=\"listing-item\"><a class=\"image\" href=\"https:\/\/grupaed.uni-landau.de\/lingo-und-parla\/material\/bulgarisch\/\"><img loading=\"lazy\" decoding=\"async\" width=\"150\" height=\"150\" src=\"https:\/\/grupaed.uni-landau.de\/lingo-und-parla\/wp-content\/uploads\/2021\/01\/Bildschirmfoto-2021-01-13-um-09.50.16-150x150.png\" class=\"attachment-thumbnail size-thumbnail wp-post-image\" alt=\"\" \/><\/a> <a class=\"title\" href=\"https:\/\/grupaed.uni-landau.de\/lingo-und-parla\/material\/bulgarisch\/\">Bulgarisch<\/a> <span class=\"excerpt\">Sprachvergleich Bulgarisch - Deutsch<\/span><\/div><div class=\"listing-item\"><a class=\"image\" href=\"https:\/\/grupaed.uni-landau.de\/lingo-und-parla\/material\/chinesisch\/\"><img loading=\"lazy\" decoding=\"async\" width=\"150\" height=\"150\" src=\"https:\/\/grupaed.uni-landau.de\/lingo-und-parla\/wp-content\/uploads\/2021\/01\/chinesisch-150x150.png\" class=\"attachment-thumbnail size-thumbnail wp-post-image\" alt=\"\" \/><\/a> <a class=\"title\" href=\"https:\/\/grupaed.uni-landau.de\/lingo-und-parla\/material\/chinesisch\/\">Chinesisch<\/a> <span class=\"excerpt\">Sprachvergleich Chinesisch-Deutsch<\/span><\/div><div class=\"listing-item\"><a class=\"image\" href=\"https:\/\/grupaed.uni-landau.de\/lingo-und-parla\/material\/englisch\/\"><img loading=\"lazy\" decoding=\"async\" width=\"150\" height=\"150\" src=\"https:\/\/grupaed.uni-landau.de\/lingo-und-parla\/wp-content\/uploads\/2020\/01\/steckbrief_englisch-150x150.png\" class=\"attachment-thumbnail size-thumbnail wp-post-image\" alt=\"Steckbrief Englisch\" \/><\/a> <a class=\"title\" href=\"https:\/\/grupaed.uni-landau.de\/lingo-und-parla\/material\/englisch\/\">Englisch<\/a> <span class=\"excerpt\">Sprachvergleich Englisch \u2013 Deutsch<\/span><\/div><div class=\"listing-item\"><a class=\"image\" href=\"https:\/\/grupaed.uni-landau.de\/lingo-und-parla\/material\/estnisch\/\"><img loading=\"lazy\" decoding=\"async\" width=\"150\" height=\"150\" src=\"https:\/\/grupaed.uni-landau.de\/lingo-und-parla\/wp-content\/uploads\/2021\/11\/Bildschirmfoto-2021-11-24-um-10.43.59-150x150.png\" class=\"attachment-thumbnail size-thumbnail wp-post-image\" alt=\"\" \/><\/a> <a class=\"title\" href=\"https:\/\/grupaed.uni-landau.de\/lingo-und-parla\/material\/estnisch\/\">Estnisch<\/a> <span class=\"excerpt\">Sprachvergleich Estnisch-Deutsch<\/span><\/div><div class=\"listing-item\"><a class=\"image\" href=\"https:\/\/grupaed.uni-landau.de\/lingo-und-parla\/material\/finnisch\/\"><img loading=\"lazy\" decoding=\"async\" width=\"150\" height=\"150\" src=\"https:\/\/grupaed.uni-landau.de\/lingo-und-parla\/wp-content\/uploads\/2024\/04\/steckbrief_finnisch-150x150.png\" class=\"attachment-thumbnail size-thumbnail wp-post-image\" alt=\"\" \/><\/a> <a class=\"title\" href=\"https:\/\/grupaed.uni-landau.de\/lingo-und-parla\/material\/finnisch\/\">Finnisch<\/a> <span class=\"excerpt\">Sprachvergleich Finnisch-Deutsch<\/span><\/div><div class=\"listing-item\"><a class=\"image\" href=\"https:\/\/grupaed.uni-landau.de\/lingo-und-parla\/material\/franzoesisch\/\"><img loading=\"lazy\" decoding=\"async\" width=\"150\" height=\"150\" src=\"https:\/\/grupaed.uni-landau.de\/lingo-und-parla\/wp-content\/uploads\/2020\/01\/steckbrief_franzoesisch-150x150.png\" class=\"attachment-thumbnail size-thumbnail wp-post-image\" alt=\"Steckbrief Franz\u00f6sisch\" \/><\/a> <a class=\"title\" href=\"https:\/\/grupaed.uni-landau.de\/lingo-und-parla\/material\/franzoesisch\/\">Franz\u00f6sisch<\/a> <span class=\"excerpt\">Sprachvergleich Franz\u00f6sisch - Deutsch<\/span><\/div><div class=\"listing-item\"><a class=\"image\" href=\"https:\/\/grupaed.uni-landau.de\/lingo-und-parla\/material\/hebraeisch\/\"><img loading=\"lazy\" decoding=\"async\" width=\"150\" height=\"150\" src=\"https:\/\/grupaed.uni-landau.de\/lingo-und-parla\/wp-content\/uploads\/2021\/09\/hebraeisch-150x150.png\" class=\"attachment-thumbnail size-thumbnail wp-post-image\" alt=\"\" \/><\/a> <a class=\"title\" href=\"https:\/\/grupaed.uni-landau.de\/lingo-und-parla\/material\/hebraeisch\/\">Hebr\u00e4isch<\/a> <span class=\"excerpt\">Sprachvergleich Hebr\u00e4isch - Deutsch<\/span><\/div><div class=\"listing-item\"><a class=\"image\" href=\"https:\/\/grupaed.uni-landau.de\/lingo-und-parla\/material\/italienisch\/\"><img loading=\"lazy\" decoding=\"async\" width=\"150\" height=\"150\" src=\"https:\/\/grupaed.uni-landau.de\/lingo-und-parla\/wp-content\/uploads\/2020\/04\/steckbrief_italienisch-150x150.png\" class=\"attachment-thumbnail size-thumbnail wp-post-image\" alt=\"\" \/><\/a> <a class=\"title\" href=\"https:\/\/grupaed.uni-landau.de\/lingo-und-parla\/material\/italienisch\/\">Italienisch<\/a> <span class=\"excerpt\">Sprachvergleich Italienisch - Deutsch<\/span><\/div><div class=\"listing-item\"><a class=\"image\" href=\"https:\/\/grupaed.uni-landau.de\/lingo-und-parla\/material\/japanisch\/\"><img loading=\"lazy\" decoding=\"async\" width=\"150\" height=\"150\" src=\"https:\/\/grupaed.uni-landau.de\/lingo-und-parla\/wp-content\/uploads\/2021\/06\/Bildschirmfoto-2021-06-23-um-09.06.36-150x150.png\" class=\"attachment-thumbnail size-thumbnail wp-post-image\" alt=\"\" \/><\/a> <a class=\"title\" href=\"https:\/\/grupaed.uni-landau.de\/lingo-und-parla\/material\/japanisch\/\">Japanisch<\/a> <span class=\"excerpt\">Sprachvergleich Japanisch - Deutsch<\/span><\/div><div class=\"listing-item\"><a class=\"image\" href=\"https:\/\/grupaed.uni-landau.de\/lingo-und-parla\/material\/kirgisisch\/\"><img loading=\"lazy\" decoding=\"async\" width=\"150\" height=\"150\" src=\"https:\/\/grupaed.uni-landau.de\/lingo-und-parla\/wp-content\/uploads\/2021\/01\/Bildschirmfoto-2021-01-13-um-09.41.55-150x150.png\" class=\"attachment-thumbnail size-thumbnail wp-post-image\" alt=\"\" \/><\/a> <a class=\"title\" href=\"https:\/\/grupaed.uni-landau.de\/lingo-und-parla\/material\/kirgisisch\/\">Kirgisisch<\/a> <span class=\"excerpt\">Sprachvergleich Kirgisisch - Deutsch<\/span><\/div><div class=\"listing-item\"><a class=\"image\" href=\"https:\/\/grupaed.uni-landau.de\/lingo-und-parla\/material\/lettisch\/\"><img loading=\"lazy\" decoding=\"async\" width=\"150\" height=\"150\" src=\"https:\/\/grupaed.uni-landau.de\/lingo-und-parla\/wp-content\/uploads\/2021\/03\/lettisch-150x150.png\" class=\"attachment-thumbnail size-thumbnail wp-post-image\" alt=\"\" \/><\/a> <a class=\"title\" href=\"https:\/\/grupaed.uni-landau.de\/lingo-und-parla\/material\/lettisch\/\">Lettisch<\/a> <span class=\"excerpt\">Sprachvergleich Lettisch-Deutsch<\/span><\/div><div class=\"listing-item\"><a class=\"image\" href=\"https:\/\/grupaed.uni-landau.de\/lingo-und-parla\/material\/niederlaendisch\/\"><img loading=\"lazy\" decoding=\"async\" width=\"150\" height=\"150\" src=\"https:\/\/grupaed.uni-landau.de\/lingo-und-parla\/wp-content\/uploads\/2020\/01\/steckbrief_niederlaendisch-150x150.png\" class=\"attachment-thumbnail size-thumbnail wp-post-image\" alt=\"Steckbrief Niederl\u00e4ndisch\" \/><\/a> <a class=\"title\" href=\"https:\/\/grupaed.uni-landau.de\/lingo-und-parla\/material\/niederlaendisch\/\">Niederl\u00e4ndisch<\/a> <span class=\"excerpt\">Sprachvergleich Niederl\u00e4ndisch \u2013 Deutsch<\/span><\/div><div class=\"listing-item\"><a class=\"image\" href=\"https:\/\/grupaed.uni-landau.de\/lingo-und-parla\/material\/persisch\/\"><img loading=\"lazy\" decoding=\"async\" width=\"150\" height=\"150\" src=\"https:\/\/grupaed.uni-landau.de\/lingo-und-parla\/wp-content\/uploads\/2026\/03\/steckbrief_persisch-150x150.png\" class=\"attachment-thumbnail size-thumbnail wp-post-image\" alt=\"\" \/><\/a> <a class=\"title\" href=\"https:\/\/grupaed.uni-landau.de\/lingo-und-parla\/material\/persisch\/\">Persisch<\/a> <span class=\"excerpt\">In diesem Paket finden Sie einen Steckbrief, der die persische mit der deutschen Sprache vergleicht.<\/span><\/div><div class=\"listing-item\"><a class=\"image\" href=\"https:\/\/grupaed.uni-landau.de\/lingo-und-parla\/material\/polnisch\/\"><img loading=\"lazy\" decoding=\"async\" width=\"150\" height=\"150\" src=\"https:\/\/grupaed.uni-landau.de\/lingo-und-parla\/wp-content\/uploads\/2020\/01\/steckbrief_polnisch-150x150.png\" class=\"attachment-thumbnail size-thumbnail wp-post-image\" alt=\"Steckbrief Polnisch\" \/><\/a> <a class=\"title\" href=\"https:\/\/grupaed.uni-landau.de\/lingo-und-parla\/material\/polnisch\/\">Polnisch<\/a> <span class=\"excerpt\">Sprachvergleich Polnisch \u2013 Deutsch<\/span><\/div><div class=\"listing-item\"><a class=\"image\" href=\"https:\/\/grupaed.uni-landau.de\/lingo-und-parla\/material\/portugiesisch\/\"><img loading=\"lazy\" decoding=\"async\" width=\"150\" height=\"150\" src=\"https:\/\/grupaed.uni-landau.de\/lingo-und-parla\/wp-content\/uploads\/2026\/03\/steckbrief_portugal-150x150.png\" class=\"attachment-thumbnail size-thumbnail wp-post-image\" alt=\"\" \/><\/a> <a class=\"title\" href=\"https:\/\/grupaed.uni-landau.de\/lingo-und-parla\/material\/portugiesisch\/\">Portugiesisch<\/a> <span class=\"excerpt\">In diesem Paket finden Sie einen Steckbrief, der die portugiesische mit der deutschen Sprache vergleicht.<\/span><\/div><div class=\"listing-item\"><a class=\"image\" href=\"https:\/\/grupaed.uni-landau.de\/lingo-und-parla\/material\/russisch\/\"><img loading=\"lazy\" decoding=\"async\" width=\"150\" height=\"150\" src=\"https:\/\/grupaed.uni-landau.de\/lingo-und-parla\/wp-content\/uploads\/2020\/01\/steckbrief_russisch-150x150.png\" class=\"attachment-thumbnail size-thumbnail wp-post-image\" alt=\"Steckbrief Russisch\" \/><\/a> <a class=\"title\" href=\"https:\/\/grupaed.uni-landau.de\/lingo-und-parla\/material\/russisch\/\">Russisch<\/a> <span class=\"excerpt\">Sprachvergleich Russisch - Deutsch<\/span><\/div><div class=\"listing-item\"><a class=\"image\" href=\"https:\/\/grupaed.uni-landau.de\/lingo-und-parla\/material\/spanisch\/\"><img loading=\"lazy\" decoding=\"async\" width=\"150\" height=\"150\" src=\"https:\/\/grupaed.uni-landau.de\/lingo-und-parla\/wp-content\/uploads\/2020\/01\/steckbrief_spanisch-150x150.png\" class=\"attachment-thumbnail size-thumbnail wp-post-image\" alt=\"Steckbrief Spanisch\" \/><\/a> <a class=\"title\" href=\"https:\/\/grupaed.uni-landau.de\/lingo-und-parla\/material\/spanisch\/\">Spanisch<\/a> <span class=\"excerpt\">Sprachvergleich Spanisch \u2013 Deutsch<\/span><\/div><div class=\"listing-item\"><a class=\"image\" href=\"https:\/\/grupaed.uni-landau.de\/lingo-und-parla\/material\/tschechisch\/\"><img loading=\"lazy\" decoding=\"async\" width=\"150\" height=\"150\" src=\"https:\/\/grupaed.uni-landau.de\/lingo-und-parla\/wp-content\/uploads\/2021\/01\/tschechisch-150x150.png\" class=\"attachment-thumbnail size-thumbnail wp-post-image\" alt=\"\" \/><\/a> <a class=\"title\" href=\"https:\/\/grupaed.uni-landau.de\/lingo-und-parla\/material\/tschechisch\/\">Tschechisch<\/a> <span class=\"excerpt\">Sprachvergleich Tschechisch - Deutsch<\/span><\/div><div class=\"listing-item\"><a class=\"image\" href=\"https:\/\/grupaed.uni-landau.de\/lingo-und-parla\/material\/tuerkisch-deutsch\/\"><img loading=\"lazy\" decoding=\"async\" width=\"150\" height=\"150\" src=\"https:\/\/grupaed.uni-landau.de\/lingo-und-parla\/wp-content\/uploads\/2020\/01\/steckbrief_tuerkisch-150x150.png\" class=\"attachment-thumbnail size-thumbnail wp-post-image\" alt=\"Steckbrief T\u00fcrkisch\" \/><\/a> <a class=\"title\" href=\"https:\/\/grupaed.uni-landau.de\/lingo-und-parla\/material\/tuerkisch-deutsch\/\">T\u00fcrkisch<\/a> <span class=\"excerpt\">Sprachvergleich T\u00fcrkisch \u2013 Deutsch<\/span><\/div><div class=\"listing-item\"><a class=\"image\" href=\"https:\/\/grupaed.uni-landau.de\/lingo-und-parla\/material\/ukrainisch\/\"><img loading=\"lazy\" decoding=\"async\" width=\"150\" height=\"150\" src=\"https:\/\/grupaed.uni-landau.de\/lingo-und-parla\/wp-content\/uploads\/2022\/04\/steckbrief_Ukraine-150x150.png\" class=\"attachment-thumbnail size-thumbnail wp-post-image\" alt=\"\" \/><\/a> <a class=\"title\" href=\"https:\/\/grupaed.uni-landau.de\/lingo-und-parla\/material\/ukrainisch\/\">Ukrainisch<\/a> <span class=\"excerpt\">Sprachvergleich Ukrainisch-Deutsch<\/span><\/div><div class=\"listing-item\"><a class=\"image\" href=\"https:\/\/grupaed.uni-landau.de\/lingo-und-parla\/material\/usbekisch\/\"><img loading=\"lazy\" decoding=\"async\" width=\"150\" height=\"150\" src=\"https:\/\/grupaed.uni-landau.de\/lingo-und-parla\/wp-content\/uploads\/2023\/11\/steckbrief_Usbekistan-150x150.png\" class=\"attachment-thumbnail size-thumbnail wp-post-image\" alt=\"\" \/><\/a> <a class=\"title\" href=\"https:\/\/grupaed.uni-landau.de\/lingo-und-parla\/material\/usbekisch\/\">Usbekisch<\/a> <span class=\"excerpt\">Sprachvergleich Usbekisch-Deutsch<\/span><\/div><\/div>\n\n\n\n<p><\/p>\n","protected":false},"excerpt":{"rendered":"<p>Auf dieser Seite finden Sie Steckbriefe, die verschiedene Sprachen mit der deutschen Sprache vergleichen.<\/p>\n","protected":false},"author":2,"featured_media":78,"parent":274,"menu_order":0,"comment_status":"closed","ping_status":"closed","template":"template-right-sidebar.php","meta":{"footnotes":""},"class_list":["post-236","page","type-page","status-publish","has-post-thumbnail","hentry"],"_links":{"self":[{"href":"https:\/\/grupaed.uni-landau.de\/lingo-und-parla\/wp-json\/wp\/v2\/pages\/236","targetHints":{"allow":["GET"]}}],"collection":[{"href":"https:\/\/grupaed.uni-landau.de\/lingo-und-parla\/wp-json\/wp\/v2\/pages"}],"about":[{"href":"https:\/\/grupaed.uni-landau.de\/lingo-und-parla\/wp-json\/wp\/v2\/types\/page"}],"author":[{"embeddable":true,"href":"https:\/\/grupaed.uni-landau.de\/lingo-und-parla\/wp-json\/wp\/v2\/users\/2"}],"replies":[{"embeddable":true,"href":"https:\/\/grupaed.uni-landau.de\/lingo-und-parla\/wp-json\/wp\/v2\/comments?post=236"}],"version-history":[{"count":7,"href":"https:\/\/grupaed.uni-landau.de\/lingo-und-parla\/wp-json\/wp\/v2\/pages\/236\/revisions"}],"predecessor-version":[{"id":625,"href":"https:\/\/grupaed.uni-landau.de\/lingo-und-parla\/wp-json\/wp\/v2\/pages\/236\/revisions\/625"}],"up":[{"embeddable":true,"href":"https:\/\/grupaed.uni-landau.de\/lingo-und-parla\/wp-json\/wp\/v2\/pages\/274"}],"wp:featuredmedia":[{"embeddable":true,"href":"https:\/\/grupaed.uni-landau.de\/lingo-und-parla\/wp-json\/wp\/v2\/media\/78"}],"wp:attachment":[{"href":"https:\/\/grupaed.uni-landau.de\/lingo-und-parla\/wp-json\/wp\/v2\/media?parent=236"}],"curies":[{"name":"wp","href":"https:\/\/api.w.org\/{rel}","templated":true}]}}