{"id":271,"date":"2020-01-22T19:57:50","date_gmt":"2020-01-22T18:57:50","guid":{"rendered":"https:\/\/grupaed.uni-landau.de\/wildemann\/?page_id=271"},"modified":"2024-04-16T15:00:04","modified_gmt":"2024-04-16T13:00:04","slug":"mehrsprachigkeit","status":"publish","type":"page","link":"https:\/\/grupaed.uni-landau.de\/lingo-und-parla\/unterrichtsmaterial\/mehrsprachigkeit\/","title":{"rendered":"Mehrsprachigkeit"},"content":{"rendered":"\n<div class=\"material_ansicht\"><div class=\"listing-item\"><a class=\"image\" href=\"https:\/\/grupaed.uni-landau.de\/lingo-und-parla\/material\/wortschlangen-und-bandwurmwoerter\/\"><img loading=\"lazy\" decoding=\"async\" width=\"150\" height=\"150\" src=\"https:\/\/grupaed.uni-landau.de\/lingo-und-parla\/wp-content\/uploads\/2020\/01\/Wurm-150x150.png\" class=\"attachment-thumbnail size-thumbnail wp-post-image\" alt=\"Wortschlange\" \/><\/a> <a class=\"title\" href=\"https:\/\/grupaed.uni-landau.de\/lingo-und-parla\/material\/wortschlangen-und-bandwurmwoerter\/\">Wortschlangen und Bandwurmw\u00f6rter<\/a> <span class=\"excerpt\">Diese Materialien k\u00f6nnen genutzt werden, um mit Sch\u00fclerinnen und Sch\u00fclern \u00fcber die Wortbildung im Deutschen zu reflektieren<\/span><\/div><div class=\"listing-item\"><a class=\"image\" href=\"https:\/\/grupaed.uni-landau.de\/lingo-und-parla\/material\/von-wahren-und-falschen-freunden\/\"><img loading=\"lazy\" decoding=\"async\" width=\"150\" height=\"150\" src=\"https:\/\/grupaed.uni-landau.de\/lingo-und-parla\/wp-content\/uploads\/2020\/01\/wahre_falsche_freunde-150x150.jpg\" class=\"attachment-thumbnail size-thumbnail wp-post-image\" alt=\"Wahre und falsche Freunde\" \/><\/a> <a class=\"title\" href=\"https:\/\/grupaed.uni-landau.de\/lingo-und-parla\/material\/von-wahren-und-falschen-freunden\/\">Von wahren und falschen Freunden<\/a> <span class=\"excerpt\">In diesem Materialpaket f\u00fcr sprach\u00fcbergreifende Wortschatzarbeit geht es um so genannte wahre und falsche Freunde...<\/span><\/div><div class=\"listing-item\"><a class=\"image\" href=\"https:\/\/grupaed.uni-landau.de\/lingo-und-parla\/material\/hoefliches-aller-art\/\"><img loading=\"lazy\" decoding=\"async\" width=\"150\" height=\"150\" src=\"https:\/\/grupaed.uni-landau.de\/lingo-und-parla\/wp-content\/uploads\/2020\/01\/hoeflich-150x150.png\" class=\"attachment-thumbnail size-thumbnail wp-post-image\" alt=\"Danke\" srcset=\"https:\/\/grupaed.uni-landau.de\/lingo-und-parla\/wp-content\/uploads\/2020\/01\/hoeflich-150x150.png 150w, https:\/\/grupaed.uni-landau.de\/lingo-und-parla\/wp-content\/uploads\/2020\/01\/hoeflich-300x300.png 300w, https:\/\/grupaed.uni-landau.de\/lingo-und-parla\/wp-content\/uploads\/2020\/01\/hoeflich-768x768.png 768w, https:\/\/grupaed.uni-landau.de\/lingo-und-parla\/wp-content\/uploads\/2020\/01\/hoeflich.png 960w\" sizes=\"auto, (max-width: 150px) 100vw, 150px\" \/><\/a> <a class=\"title\" href=\"https:\/\/grupaed.uni-landau.de\/lingo-und-parla\/material\/hoefliches-aller-art\/\">H\u00f6fliches aller Art<\/a> <span class=\"excerpt\">In diesem Materialpaket geht es um H\u00f6fliches aller Art, angefangen von Begr\u00fc\u00dfungs- und Verabschiedungsfloskeln in verschiedenen Sprachen<\/span><\/div><div class=\"listing-item\"><a class=\"image\" href=\"https:\/\/grupaed.uni-landau.de\/lingo-und-parla\/material\/nomen-und-ihre-begleiter\/\"><img loading=\"lazy\" decoding=\"async\" width=\"150\" height=\"150\" src=\"https:\/\/grupaed.uni-landau.de\/lingo-und-parla\/wp-content\/uploads\/2020\/01\/der_die_das-150x150.png\" class=\"attachment-thumbnail size-thumbnail wp-post-image\" alt=\"Nomen und Begleiter\" srcset=\"https:\/\/grupaed.uni-landau.de\/lingo-und-parla\/wp-content\/uploads\/2020\/01\/der_die_das-150x150.png 150w, https:\/\/grupaed.uni-landau.de\/lingo-und-parla\/wp-content\/uploads\/2020\/01\/der_die_das-300x300.png 300w, https:\/\/grupaed.uni-landau.de\/lingo-und-parla\/wp-content\/uploads\/2020\/01\/der_die_das-768x768.png 768w, https:\/\/grupaed.uni-landau.de\/lingo-und-parla\/wp-content\/uploads\/2020\/01\/der_die_das.png 900w\" sizes=\"auto, (max-width: 150px) 100vw, 150px\" \/><\/a> <a class=\"title\" href=\"https:\/\/grupaed.uni-landau.de\/lingo-und-parla\/material\/nomen-und-ihre-begleiter\/\">Nomen und ihre Begleiter<\/a> <span class=\"excerpt\">Materialien aus diesem Paket dienen dazu, Sch\u00fclerinnen und Sch\u00fcler f\u00fcr Nomen und Artikel zu sensibilisieren...<\/span><\/div><div class=\"listing-item\"><a class=\"image\" href=\"https:\/\/grupaed.uni-landau.de\/lingo-und-parla\/material\/woerter-woerter-woerter\/\"><img loading=\"lazy\" decoding=\"async\" width=\"150\" height=\"150\" src=\"https:\/\/grupaed.uni-landau.de\/lingo-und-parla\/wp-content\/uploads\/2020\/01\/woerter-150x150.png\" class=\"attachment-thumbnail size-thumbnail wp-post-image\" alt=\"Wau wau in anderen Sprachen\" \/><\/a> <a class=\"title\" href=\"https:\/\/grupaed.uni-landau.de\/lingo-und-parla\/material\/woerter-woerter-woerter\/\">W\u00f6rter, W\u00f6rter, W\u00f6rter<\/a> <span class=\"excerpt\">Gemeinsamkeiten und Unterschiede zwischen Sprachen entdecken und dar\u00fcber reflektieren.<\/span><\/div><div class=\"listing-item\"><a class=\"image\" href=\"https:\/\/grupaed.uni-landau.de\/lingo-und-parla\/material\/sprich-es-aus-oder-schreibe-es-auf\/\"><img loading=\"lazy\" decoding=\"async\" width=\"150\" height=\"150\" src=\"https:\/\/grupaed.uni-landau.de\/lingo-und-parla\/wp-content\/uploads\/2020\/01\/sprich_es_aus-150x150.png\" class=\"attachment-thumbnail size-thumbnail wp-post-image\" alt=\"Fremde Buchstaben\" srcset=\"https:\/\/grupaed.uni-landau.de\/lingo-und-parla\/wp-content\/uploads\/2020\/01\/sprich_es_aus-150x150.png 150w, https:\/\/grupaed.uni-landau.de\/lingo-und-parla\/wp-content\/uploads\/2020\/01\/sprich_es_aus-300x300.png 300w, https:\/\/grupaed.uni-landau.de\/lingo-und-parla\/wp-content\/uploads\/2020\/01\/sprich_es_aus-768x768.png 768w, https:\/\/grupaed.uni-landau.de\/lingo-und-parla\/wp-content\/uploads\/2020\/01\/sprich_es_aus.png 900w\" sizes=\"auto, (max-width: 150px) 100vw, 150px\" \/><\/a> <a class=\"title\" href=\"https:\/\/grupaed.uni-landau.de\/lingo-und-parla\/material\/sprich-es-aus-oder-schreibe-es-auf\/\">Sprich es aus oder schreibe es auf!<\/a> <span class=\"excerpt\">Materialien, die sich sprachvergleichend mit Buchstaben besch\u00e4ftigen.<\/span><\/div><div class=\"listing-item\"><a class=\"image\" href=\"https:\/\/grupaed.uni-landau.de\/lingo-und-parla\/material\/zum-einstieg-und-fuer-zwischendurch\/\"><img loading=\"lazy\" decoding=\"async\" width=\"150\" height=\"150\" src=\"https:\/\/grupaed.uni-landau.de\/lingo-und-parla\/wp-content\/uploads\/2020\/01\/zum_einstieg-150x150.jpg\" class=\"attachment-thumbnail size-thumbnail wp-post-image\" alt=\"Detektivin\" \/><\/a> <a class=\"title\" href=\"https:\/\/grupaed.uni-landau.de\/lingo-und-parla\/material\/zum-einstieg-und-fuer-zwischendurch\/\">Zum Einstieg und f\u00fcr Zwischendurch<\/a> <span class=\"excerpt\">Hier finden Sie Materialien, die sich daf\u00fcr eignen, die Aufmerksamkeit von Sch\u00fclerinnen und Sch\u00fclern f\u00fcr Sprachliches zu wecken und ihre Motivation, sich mit Sprachlichem zu besch\u00e4ftigen zu f\u00f6rdern. Mit einigen ...<\/span><\/div><div class=\"listing-item\"><a class=\"image\" href=\"https:\/\/grupaed.uni-landau.de\/lingo-und-parla\/material\/ein-tier-viele-bezeichnungen\/\"><img loading=\"lazy\" decoding=\"async\" width=\"150\" height=\"150\" src=\"https:\/\/grupaed.uni-landau.de\/lingo-und-parla\/wp-content\/uploads\/2020\/03\/Katze-150x150.png\" class=\"attachment-thumbnail size-thumbnail wp-post-image\" alt=\"Katze\" \/><\/a> <a class=\"title\" href=\"https:\/\/grupaed.uni-landau.de\/lingo-und-parla\/material\/ein-tier-viele-bezeichnungen\/\">Ein Tier &#8211; viele Bezeichnungen<\/a> <span class=\"excerpt\">Das Material regt zum Sprachvergleich an und weckt die Sprachenneugier der Sch\u00fclerinnen und Sch\u00fcler.<\/span><\/div><div class=\"listing-item\"><a class=\"image\" href=\"https:\/\/grupaed.uni-landau.de\/lingo-und-parla\/material\/hausaufgaben-huiswerk-oder-lekser\/\"><img loading=\"lazy\" decoding=\"async\" width=\"150\" height=\"150\" src=\"https:\/\/grupaed.uni-landau.de\/lingo-und-parla\/wp-content\/uploads\/2020\/04\/student-41444_1280-150x150.png\" class=\"attachment-thumbnail size-thumbnail wp-post-image\" alt=\"Hausaufgaben\" \/><\/a> <a class=\"title\" href=\"https:\/\/grupaed.uni-landau.de\/lingo-und-parla\/material\/hausaufgaben-huiswerk-oder-lekser\/\">Hausaufgaben, huiswerk oder lekser?<\/a> <span class=\"excerpt\">Auf den Spuren der W\u00f6rter und Bezeichungen, k\u00f6nnen Sch\u00fclerinnen und Sch\u00fcler...<\/span><\/div><div class=\"listing-item\"><a class=\"image\" href=\"https:\/\/grupaed.uni-landau.de\/lingo-und-parla\/material\/frohe-ostern\/\"><img loading=\"lazy\" decoding=\"async\" width=\"150\" height=\"150\" src=\"https:\/\/grupaed.uni-landau.de\/lingo-und-parla\/wp-content\/uploads\/2020\/04\/Drachenei-150x150.jpg\" class=\"attachment-thumbnail size-thumbnail wp-post-image\" alt=\"Drachenei\" \/><\/a> <a class=\"title\" href=\"https:\/\/grupaed.uni-landau.de\/lingo-und-parla\/material\/frohe-ostern\/\">Frohe Ostern<\/a> <span class=\"excerpt\">Das Material fordert u.a. zu einer interkulturellen und sprachlichen Aueinandersetzung auf.<\/span><\/div><div class=\"listing-item\"><a class=\"image\" href=\"https:\/\/grupaed.uni-landau.de\/lingo-und-parla\/material\/buchstabenkarten-in-verschiedenen-sprachen\/\"><img loading=\"lazy\" decoding=\"async\" width=\"150\" height=\"150\" src=\"https:\/\/grupaed.uni-landau.de\/lingo-und-parla\/wp-content\/uploads\/2020\/12\/letters-3704026_1280-150x150.jpg\" class=\"attachment-thumbnail size-thumbnail wp-post-image\" alt=\"\" \/><\/a> <a class=\"title\" href=\"https:\/\/grupaed.uni-landau.de\/lingo-und-parla\/material\/buchstabenkarten-in-verschiedenen-sprachen\/\">Buchstabenkarten in verschiedenen Sprachen<\/a> <span class=\"excerpt\">... mit den Buchstaben und Schriftzeichen der verschiedenen Sprachen<\/span><\/div><div class=\"listing-item\"><a class=\"image\" href=\"https:\/\/grupaed.uni-landau.de\/lingo-und-parla\/material\/die-jahresuhr-themenspeziefisch\/\"><img loading=\"lazy\" decoding=\"async\" width=\"150\" height=\"150\" src=\"https:\/\/grupaed.uni-landau.de\/lingo-und-parla\/wp-content\/uploads\/2021\/03\/Bildschirmfoto-2021-11-24-um-10.26.26-150x150.png\" class=\"attachment-thumbnail size-thumbnail wp-post-image\" alt=\"\" \/><\/a> <a class=\"title\" href=\"https:\/\/grupaed.uni-landau.de\/lingo-und-parla\/material\/die-jahresuhr-themenspeziefisch\/\">Die Jahresuhr (Themenspezifisch)<\/a> <span class=\"excerpt\">Hier finden Sie Materialien, die sich thematisch um die Jahreszeiten gruppieren.\nz.B. zu NIKOLAUS & WEIHNACHTEN<\/span><\/div><div class=\"listing-item\"><a class=\"image\" href=\"https:\/\/grupaed.uni-landau.de\/lingo-und-parla\/material\/woerter-auf-reisen\/\"><img loading=\"lazy\" decoding=\"async\" width=\"150\" height=\"101\" src=\"https:\/\/grupaed.uni-landau.de\/lingo-und-parla\/wp-content\/uploads\/2020\/03\/mehrsprachen-150x101.png\" class=\"attachment-thumbnail size-thumbnail wp-post-image\" alt=\"Logo MehrSprachen\" \/><\/a> <a class=\"title\" href=\"https:\/\/grupaed.uni-landau.de\/lingo-und-parla\/material\/woerter-auf-reisen\/\">W\u00f6rter auf Reisen<\/a> <span class=\"excerpt\">Dieses Material geht auf W\u00f6rter ein, die es in mehreren Sprachen gibt. Hierbei sollen die Kinder bei diesen \"W\u00f6rtern auf Reisen\" Gemeinsamkeiten und Unterschiede entdecken.<\/span><\/div><div class=\"listing-item\"><a class=\"image\" href=\"https:\/\/grupaed.uni-landau.de\/lingo-und-parla\/material\/mehrsprachige-tierchen\/\"><img loading=\"lazy\" decoding=\"async\" width=\"150\" height=\"150\" src=\"https:\/\/grupaed.uni-landau.de\/lingo-und-parla\/wp-content\/uploads\/2025\/05\/Mehrsprachiger_Esel-150x150.png\" class=\"attachment-thumbnail size-thumbnail wp-post-image\" alt=\"\" \/><\/a> <a class=\"title\" href=\"https:\/\/grupaed.uni-landau.de\/lingo-und-parla\/material\/mehrsprachige-tierchen\/\">Mehrsprachige Tierchen<\/a> <span class=\"excerpt\">Tiere k\u00f6nnen ebenfalls mehrsprachig sein. In diesem Material stellen sich Frosch und Esel mit ihren eigenen Begr\u00fc\u00dfungen in den jeweiligen Sprachen vor.<\/span><\/div><\/div>\n","protected":false},"excerpt":{"rendered":"","protected":false},"author":2,"featured_media":0,"parent":274,"menu_order":0,"comment_status":"closed","ping_status":"closed","template":"template-right-sidebar.php","meta":{"footnotes":""},"class_list":["post-271","page","type-page","status-publish","hentry"],"_links":{"self":[{"href":"https:\/\/grupaed.uni-landau.de\/lingo-und-parla\/wp-json\/wp\/v2\/pages\/271","targetHints":{"allow":["GET"]}}],"collection":[{"href":"https:\/\/grupaed.uni-landau.de\/lingo-und-parla\/wp-json\/wp\/v2\/pages"}],"about":[{"href":"https:\/\/grupaed.uni-landau.de\/lingo-und-parla\/wp-json\/wp\/v2\/types\/page"}],"author":[{"embeddable":true,"href":"https:\/\/grupaed.uni-landau.de\/lingo-und-parla\/wp-json\/wp\/v2\/users\/2"}],"replies":[{"embeddable":true,"href":"https:\/\/grupaed.uni-landau.de\/lingo-und-parla\/wp-json\/wp\/v2\/comments?post=271"}],"version-history":[{"count":2,"href":"https:\/\/grupaed.uni-landau.de\/lingo-und-parla\/wp-json\/wp\/v2\/pages\/271\/revisions"}],"predecessor-version":[{"id":1414,"href":"https:\/\/grupaed.uni-landau.de\/lingo-und-parla\/wp-json\/wp\/v2\/pages\/271\/revisions\/1414"}],"up":[{"embeddable":true,"href":"https:\/\/grupaed.uni-landau.de\/lingo-und-parla\/wp-json\/wp\/v2\/pages\/274"}],"wp:attachment":[{"href":"https:\/\/grupaed.uni-landau.de\/lingo-und-parla\/wp-json\/wp\/v2\/media?parent=271"}],"curies":[{"name":"wp","href":"https:\/\/api.w.org\/{rel}","templated":true}]}}