{"id":274,"date":"2020-01-22T20:04:53","date_gmt":"2020-01-22T19:04:53","guid":{"rendered":"https:\/\/grupaed.uni-landau.de\/wildemann\/?page_id=274"},"modified":"2020-01-22T20:04:53","modified_gmt":"2020-01-22T19:04:53","slug":"unterrichtsmaterial","status":"publish","type":"page","link":"https:\/\/grupaed.uni-landau.de\/lingo-und-parla\/unterrichtsmaterial\/","title":{"rendered":"Unterrichtsmaterial"},"content":{"rendered":"\n<div class=\"material_ansicht\"><div class=\"listing-item\"><a class=\"image\" href=\"https:\/\/grupaed.uni-landau.de\/lingo-und-parla\/material\/mein-freund-salim\/\"><img loading=\"lazy\" decoding=\"async\" width=\"150\" height=\"150\" src=\"https:\/\/grupaed.uni-landau.de\/lingo-und-parla\/wp-content\/uploads\/2026\/03\/MeinFreundSalim-150x150.png\" class=\"attachment-thumbnail size-thumbnail wp-post-image\" alt=\"\" \/><\/a> <a class=\"title\" href=\"https:\/\/grupaed.uni-landau.de\/lingo-und-parla\/material\/mein-freund-salim\/\">Mein Freund Salim<\/a> <span class=\"excerpt\">\u201eSalim war durch den Krieg in seinem Land zu einem geworden, der reisen musste. Und wer denkt, dass man als Kind kein Reisender sein kann, der sollte wohl mal anfangen, ...<\/span><\/div><div class=\"listing-item\"><a class=\"image\" href=\"https:\/\/grupaed.uni-landau.de\/lingo-und-parla\/material\/persisch\/\"><img loading=\"lazy\" decoding=\"async\" width=\"150\" height=\"150\" src=\"https:\/\/grupaed.uni-landau.de\/lingo-und-parla\/wp-content\/uploads\/2026\/03\/steckbrief_persisch-150x150.png\" class=\"attachment-thumbnail size-thumbnail wp-post-image\" alt=\"\" \/><\/a> <a class=\"title\" href=\"https:\/\/grupaed.uni-landau.de\/lingo-und-parla\/material\/persisch\/\">Persisch<\/a> <span class=\"excerpt\">In diesem Paket finden Sie einen Steckbrief, der die persische mit der deutschen Sprache vergleicht.<\/span><\/div><div class=\"listing-item\"><a class=\"image\" href=\"https:\/\/grupaed.uni-landau.de\/lingo-und-parla\/material\/portugiesisch\/\"><img loading=\"lazy\" decoding=\"async\" width=\"150\" height=\"150\" src=\"https:\/\/grupaed.uni-landau.de\/lingo-und-parla\/wp-content\/uploads\/2026\/03\/steckbrief_portugal-150x150.png\" class=\"attachment-thumbnail size-thumbnail wp-post-image\" alt=\"\" \/><\/a> <a class=\"title\" href=\"https:\/\/grupaed.uni-landau.de\/lingo-und-parla\/material\/portugiesisch\/\">Portugiesisch<\/a> <span class=\"excerpt\">In diesem Paket finden Sie einen Steckbrief, der die portugiesische mit der deutschen Sprache vergleicht.<\/span><\/div><div class=\"listing-item\"><a class=\"image\" href=\"https:\/\/grupaed.uni-landau.de\/lingo-und-parla\/allgemein\/ramas-flucht\/\"><img loading=\"lazy\" decoding=\"async\" width=\"150\" height=\"150\" src=\"https:\/\/grupaed.uni-landau.de\/lingo-und-parla\/wp-content\/uploads\/2015\/01\/ramas-flucht-1-150x150.png\" class=\"attachment-thumbnail size-thumbnail wp-post-image\" alt=\"\" \/><\/a> <a class=\"title\" href=\"https:\/\/grupaed.uni-landau.de\/lingo-und-parla\/allgemein\/ramas-flucht\/\">Ramas Flucht<\/a> <span class=\"excerpt\">\u201eFrieden kann nicht durch Gewalt erhalten werden. Er kann nur durch Verst\u00e4ndnis erreicht werden.\u201c &nbsp;&nbsp;&nbsp;&nbsp;&nbsp;&nbsp;&nbsp;&nbsp;&nbsp;&nbsp;&nbsp;&nbsp;&nbsp; Albert Einstein zitiert in Ramas Flucht Das ber\u00fchrende Bilderbuch Ramas Flucht erz\u00e4hlt die Geschichte des ...<\/span><\/div><div class=\"listing-item\"><a class=\"image\" href=\"https:\/\/grupaed.uni-landau.de\/lingo-und-parla\/allgemein\/games\/\"><img loading=\"lazy\" decoding=\"async\" width=\"150\" height=\"150\" src=\"https:\/\/grupaed.uni-landau.de\/lingo-und-parla\/wp-content\/uploads\/2025\/09\/Games-150x150.png\" class=\"attachment-thumbnail size-thumbnail wp-post-image\" alt=\"\" \/><\/a> <a class=\"title\" href=\"https:\/\/grupaed.uni-landau.de\/lingo-und-parla\/allgemein\/games\/\">Games\u00a0<\/a> <span class=\"excerpt\">\u201eGames, so nennt man die Versuche, \u00fcber eine Grenze zu kommen. Nicht im Sinne eines Spiels, aber im Sinne von &lt;sein Schicksal testen&gt;. Man kann ein Spiel gewinnen, aber auch ...<\/span><\/div><div class=\"listing-item\"><a class=\"image\" href=\"https:\/\/grupaed.uni-landau.de\/lingo-und-parla\/allgemein\/so-leben-wir-und-wie-lebst-du\/\"><img loading=\"lazy\" decoding=\"async\" width=\"150\" height=\"150\" src=\"https:\/\/grupaed.uni-landau.de\/lingo-und-parla\/wp-content\/uploads\/2025\/09\/So-leben-wir-150x150.png\" class=\"attachment-thumbnail size-thumbnail wp-post-image\" alt=\"\" \/><\/a> <a class=\"title\" href=\"https:\/\/grupaed.uni-landau.de\/lingo-und-parla\/allgemein\/so-leben-wir-und-wie-lebst-du\/\">SO LEBEN WIR UND WIE LEBST DU?<\/a> <span class=\"excerpt\">\u201eDieses Buch ist so viel mehr als nur ein Buch \u2013 es ist ein Ort, an dem alle meine Freunde mit ihren W\u00fcnschen und Tr\u00e4umen und ihren Geschichten zusammenkommen.\u201c &nbsp;&nbsp;&nbsp;&nbsp;&nbsp;&nbsp;&nbsp;&nbsp;&nbsp;&nbsp;&nbsp;&nbsp;&nbsp; ...<\/span><\/div><div class=\"listing-item\"><a class=\"image\" href=\"https:\/\/grupaed.uni-landau.de\/lingo-und-parla\/material\/ching-chang-stop\/\"><img loading=\"lazy\" decoding=\"async\" width=\"150\" height=\"150\" src=\"https:\/\/grupaed.uni-landau.de\/lingo-und-parla\/wp-content\/uploads\/2025\/09\/CHING-CHANG-STOP-150x150.png\" class=\"attachment-thumbnail size-thumbnail wp-post-image\" alt=\"\" \/><\/a> <a class=\"title\" href=\"https:\/\/grupaed.uni-landau.de\/lingo-und-parla\/material\/ching-chang-stop\/\">CHING CHANG STOP<\/a> <span class=\"excerpt\">Die autobiografische Graphic Novel Ching Chang Stop von Dian Goring offenbart alltagsrassistische Strukturen unserer Gesellschaft gegen\u00fcber asiatisch gelesenen Menschen klar und selbsterm\u00e4chtigend und leistet somit einen Beitrag zur Erzeugung einer ...<\/span><\/div><div class=\"listing-item\"><a class=\"image\" href=\"https:\/\/grupaed.uni-landau.de\/lingo-und-parla\/material\/9-kleine-menschen\/\"><img loading=\"lazy\" decoding=\"async\" width=\"150\" height=\"150\" src=\"https:\/\/grupaed.uni-landau.de\/lingo-und-parla\/wp-content\/uploads\/2025\/05\/9kleineMenschen2-150x150.png\" class=\"attachment-thumbnail size-thumbnail wp-post-image\" alt=\"\" \/><\/a> <a class=\"title\" href=\"https:\/\/grupaed.uni-landau.de\/lingo-und-parla\/material\/9-kleine-menschen\/\">9 kleine Menschen<\/a> <span class=\"excerpt\">\u201e9 kleine Menschen ist eine Ode an eine Generation von Kindern, die bereits wei\u00df, dass sie richtig ist genau so, wie sie ist, und an die Freundschaft, die sie verbindet.\u201c ...<\/span><\/div><div class=\"listing-item\"><a class=\"image\" href=\"https:\/\/grupaed.uni-landau.de\/lingo-und-parla\/material\/mehrsprachige-tierchen\/\"><img loading=\"lazy\" decoding=\"async\" width=\"150\" height=\"150\" src=\"https:\/\/grupaed.uni-landau.de\/lingo-und-parla\/wp-content\/uploads\/2025\/05\/Mehrsprachiger_Esel-150x150.png\" class=\"attachment-thumbnail size-thumbnail wp-post-image\" alt=\"\" \/><\/a> <a class=\"title\" href=\"https:\/\/grupaed.uni-landau.de\/lingo-und-parla\/material\/mehrsprachige-tierchen\/\">Mehrsprachige Tierchen<\/a> <span class=\"excerpt\">Tiere k\u00f6nnen ebenfalls mehrsprachig sein. In diesem Material stellen sich Frosch und Esel mit ihren eigenen Begr\u00fc\u00dfungen in den jeweiligen Sprachen vor.<\/span><\/div><div class=\"listing-item\"><a class=\"image\" href=\"https:\/\/grupaed.uni-landau.de\/lingo-und-parla\/material\/mutabor\/\"><img loading=\"lazy\" decoding=\"async\" width=\"150\" height=\"150\" src=\"https:\/\/grupaed.uni-landau.de\/lingo-und-parla\/wp-content\/uploads\/2025\/05\/Mutabor-150x150.png\" class=\"attachment-thumbnail size-thumbnail wp-post-image\" alt=\"\" \/><\/a> <a class=\"title\" href=\"https:\/\/grupaed.uni-landau.de\/lingo-und-parla\/material\/mutabor\/\">Mutabor<\/a> <span class=\"excerpt\">Mutabor ist ein sehr m\u00e4chtiges Zauberwort! Es bedeutet &#8222;Ich werde verwandelt werden&#8220;. In diesem Sinne geht es in diesem Unterrichtsmaterial um Zauberspr\u00fcche. Die Sch\u00fclerinnen und Sch\u00fcler sollen sich selbst Zauberspr\u00fcche ...<\/span><\/div><\/div>\n","protected":false},"excerpt":{"rendered":"","protected":false},"author":2,"featured_media":0,"parent":0,"menu_order":0,"comment_status":"closed","ping_status":"closed","template":"template-right-sidebar.php","meta":{"footnotes":""},"class_list":["post-274","page","type-page","status-publish","hentry"],"_links":{"self":[{"href":"https:\/\/grupaed.uni-landau.de\/lingo-und-parla\/wp-json\/wp\/v2\/pages\/274","targetHints":{"allow":["GET"]}}],"collection":[{"href":"https:\/\/grupaed.uni-landau.de\/lingo-und-parla\/wp-json\/wp\/v2\/pages"}],"about":[{"href":"https:\/\/grupaed.uni-landau.de\/lingo-und-parla\/wp-json\/wp\/v2\/types\/page"}],"author":[{"embeddable":true,"href":"https:\/\/grupaed.uni-landau.de\/lingo-und-parla\/wp-json\/wp\/v2\/users\/2"}],"replies":[{"embeddable":true,"href":"https:\/\/grupaed.uni-landau.de\/lingo-und-parla\/wp-json\/wp\/v2\/comments?post=274"}],"version-history":[{"count":1,"href":"https:\/\/grupaed.uni-landau.de\/lingo-und-parla\/wp-json\/wp\/v2\/pages\/274\/revisions"}],"predecessor-version":[{"id":275,"href":"https:\/\/grupaed.uni-landau.de\/lingo-und-parla\/wp-json\/wp\/v2\/pages\/274\/revisions\/275"}],"wp:attachment":[{"href":"https:\/\/grupaed.uni-landau.de\/lingo-und-parla\/wp-json\/wp\/v2\/media?parent=274"}],"curies":[{"name":"wp","href":"https:\/\/api.w.org\/{rel}","templated":true}]}}