{"id":286,"date":"2020-01-23T16:34:05","date_gmt":"2020-01-23T15:34:05","guid":{"rendered":"https:\/\/grupaed.uni-landau.de\/wildemann\/?page_id=286"},"modified":"2024-04-16T15:01:05","modified_gmt":"2024-04-16T13:01:05","slug":"deutschunterricht","status":"publish","type":"page","link":"https:\/\/grupaed.uni-landau.de\/lingo-und-parla\/unterrichtsmaterial\/deutschunterricht\/","title":{"rendered":"Deutschunterricht"},"content":{"rendered":"\n<div class=\"material_ansicht\"><div class=\"listing-item\"><a class=\"image\" href=\"https:\/\/grupaed.uni-landau.de\/lingo-und-parla\/material\/mutabor\/\"><img loading=\"lazy\" decoding=\"async\" width=\"150\" height=\"150\" src=\"https:\/\/grupaed.uni-landau.de\/lingo-und-parla\/wp-content\/uploads\/2025\/05\/Mutabor-150x150.png\" class=\"attachment-thumbnail size-thumbnail wp-post-image\" alt=\"\" \/><\/a> <a class=\"title\" href=\"https:\/\/grupaed.uni-landau.de\/lingo-und-parla\/material\/mutabor\/\">Mutabor<\/a> <span class=\"excerpt\">Mutabor ist ein sehr m\u00e4chtiges Zauberwort! Es bedeutet &#8222;Ich werde verwandelt werden&#8220;. In diesem Sinne geht es in diesem Unterrichtsmaterial um Zauberspr\u00fcche. Die Sch\u00fclerinnen und Sch\u00fcler sollen sich selbst Zauberspr\u00fcche ...<\/span><\/div><div class=\"listing-item\"><a class=\"image\" href=\"https:\/\/grupaed.uni-landau.de\/lingo-und-parla\/material\/karten-zur-sprachreflexion\/\"><img loading=\"lazy\" decoding=\"async\" width=\"150\" height=\"150\" src=\"https:\/\/grupaed.uni-landau.de\/lingo-und-parla\/wp-content\/uploads\/2024\/08\/Karten-zur-Sprachreflexion-150x150.png\" class=\"attachment-thumbnail size-thumbnail wp-post-image\" alt=\"\" \/><\/a> <a class=\"title\" href=\"https:\/\/grupaed.uni-landau.de\/lingo-und-parla\/material\/karten-zur-sprachreflexion\/\">Karten zur Sprachreflexion<\/a> <span class=\"excerpt\">Dieses Material beinhaltet mehrere Karten zur Anregung zur Sprachreflexion. Hierbei werden Fragen wie \"Woran erkennt man ein Wort?\", \"Warum ist der t\u00fcrkische Satz k\u00fcrzer?\" oder \"Was haben diese W\u00f6rter gemeinsame?\" zu dazugeh\u00f6rigen Abbildungen gestellt und auf verschiedene Sprachen und ihre Unterschiede eingegangen.<\/span><\/div><div class=\"listing-item\"><a class=\"image\" href=\"https:\/\/grupaed.uni-landau.de\/lingo-und-parla\/material\/buchstabenkarten-in-verschiedenen-sprachen\/\"><img loading=\"lazy\" decoding=\"async\" width=\"150\" height=\"150\" src=\"https:\/\/grupaed.uni-landau.de\/lingo-und-parla\/wp-content\/uploads\/2020\/12\/letters-3704026_1280-150x150.jpg\" class=\"attachment-thumbnail size-thumbnail wp-post-image\" alt=\"\" \/><\/a> <a class=\"title\" href=\"https:\/\/grupaed.uni-landau.de\/lingo-und-parla\/material\/buchstabenkarten-in-verschiedenen-sprachen\/\">Buchstabenkarten in verschiedenen Sprachen<\/a> <span class=\"excerpt\">... mit den Buchstaben und Schriftzeichen der verschiedenen Sprachen<\/span><\/div><div class=\"listing-item\"><a class=\"image\" href=\"https:\/\/grupaed.uni-landau.de\/lingo-und-parla\/material\/kollokationen\/\"><img loading=\"lazy\" decoding=\"async\" width=\"150\" height=\"150\" src=\"https:\/\/grupaed.uni-landau.de\/lingo-und-parla\/wp-content\/uploads\/2020\/05\/DWDS_Kollok_Ziel_big-150x150.png\" class=\"attachment-thumbnail size-thumbnail wp-post-image\" alt=\"Kollokationsgraph f\u00fcr Ziel aus dem DWDS\" \/><\/a> <a class=\"title\" href=\"https:\/\/grupaed.uni-landau.de\/lingo-und-parla\/material\/kollokationen\/\">Kollokationen&#8230;<\/a> <span class=\"excerpt\">...ein Vergleich mit anderen Sprachen lohnt sich<\/span><\/div><div class=\"listing-item\"><a class=\"image\" href=\"https:\/\/grupaed.uni-landau.de\/lingo-und-parla\/material\/ueber-woerter-nachdenken\/\"><img loading=\"lazy\" decoding=\"async\" width=\"150\" height=\"150\" src=\"https:\/\/grupaed.uni-landau.de\/lingo-und-parla\/wp-content\/uploads\/2020\/03\/Lupe-150x150.jpg\" class=\"attachment-thumbnail size-thumbnail wp-post-image\" alt=\"Lupe\" \/><\/a> <a class=\"title\" href=\"https:\/\/grupaed.uni-landau.de\/lingo-und-parla\/material\/ueber-woerter-nachdenken\/\">\u00dcber W\u00f6rter Nachdenken<\/a> <span class=\"excerpt\">Das Material regt zum Nachdenken \u00fcber die Bedeutung und Herkunft von W\u00f6rtern an.<\/span><\/div><div class=\"listing-item\"><a class=\"image\" href=\"https:\/\/grupaed.uni-landau.de\/lingo-und-parla\/material\/literacy-boxen\/\"><img loading=\"lazy\" decoding=\"async\" width=\"150\" height=\"150\" src=\"https:\/\/grupaed.uni-landau.de\/lingo-und-parla\/wp-content\/uploads\/2020\/03\/Literacy-Box-150x150.png\" class=\"attachment-thumbnail size-thumbnail wp-post-image\" alt=\"Literacy-Box\" \/><\/a> <a class=\"title\" href=\"https:\/\/grupaed.uni-landau.de\/lingo-und-parla\/material\/literacy-boxen\/\">Literacy-Boxen<\/a> <span class=\"excerpt\">Mit Literacy-Boxen k\u00f6nnen schriftbezogene Erfahrungen angebahnt und gef\u00f6rdert werden.<\/span><\/div><div class=\"listing-item\"><a class=\"image\" href=\"https:\/\/grupaed.uni-landau.de\/lingo-und-parla\/material\/kartei-rechtschreibgespraeche\/\"><img loading=\"lazy\" decoding=\"async\" width=\"150\" height=\"150\" src=\"https:\/\/grupaed.uni-landau.de\/lingo-und-parla\/wp-content\/uploads\/2020\/03\/rechtschreibgespraeche-150x150.png\" class=\"attachment-thumbnail size-thumbnail wp-post-image\" alt=\"Kartei Rechtschreibgespr\u00e4che\" \/><\/a> <a class=\"title\" href=\"https:\/\/grupaed.uni-landau.de\/lingo-und-parla\/material\/kartei-rechtschreibgespraeche\/\">Kartei: Rechtschreibgespr\u00e4che<\/a> <span class=\"excerpt\">Mithilfe dieser Kartei k\u00f6nnen LehrerInnen mit ihren Sch\u00fclerInnen \u00fcber Rechtschreibph\u00e4nomene sprechen.<\/span><\/div><\/div>\n","protected":false},"excerpt":{"rendered":"","protected":false},"author":2,"featured_media":0,"parent":274,"menu_order":0,"comment_status":"closed","ping_status":"closed","template":"template-right-sidebar.php","meta":{"footnotes":""},"class_list":["post-286","page","type-page","status-publish","hentry"],"_links":{"self":[{"href":"https:\/\/grupaed.uni-landau.de\/lingo-und-parla\/wp-json\/wp\/v2\/pages\/286","targetHints":{"allow":["GET"]}}],"collection":[{"href":"https:\/\/grupaed.uni-landau.de\/lingo-und-parla\/wp-json\/wp\/v2\/pages"}],"about":[{"href":"https:\/\/grupaed.uni-landau.de\/lingo-und-parla\/wp-json\/wp\/v2\/types\/page"}],"author":[{"embeddable":true,"href":"https:\/\/grupaed.uni-landau.de\/lingo-und-parla\/wp-json\/wp\/v2\/users\/2"}],"replies":[{"embeddable":true,"href":"https:\/\/grupaed.uni-landau.de\/lingo-und-parla\/wp-json\/wp\/v2\/comments?post=286"}],"version-history":[{"count":5,"href":"https:\/\/grupaed.uni-landau.de\/lingo-und-parla\/wp-json\/wp\/v2\/pages\/286\/revisions"}],"predecessor-version":[{"id":1417,"href":"https:\/\/grupaed.uni-landau.de\/lingo-und-parla\/wp-json\/wp\/v2\/pages\/286\/revisions\/1417"}],"up":[{"embeddable":true,"href":"https:\/\/grupaed.uni-landau.de\/lingo-und-parla\/wp-json\/wp\/v2\/pages\/274"}],"wp:attachment":[{"href":"https:\/\/grupaed.uni-landau.de\/lingo-und-parla\/wp-json\/wp\/v2\/media?parent=286"}],"curies":[{"name":"wp","href":"https:\/\/api.w.org\/{rel}","templated":true}]}}