{"id":297,"date":"2020-01-23T16:39:36","date_gmt":"2020-01-23T15:39:36","guid":{"rendered":"https:\/\/grupaed.uni-landau.de\/wildemann\/?page_id=297"},"modified":"2024-04-16T14:59:12","modified_gmt":"2024-04-16T12:59:12","slug":"sprachen-untersuchen","status":"publish","type":"page","link":"https:\/\/grupaed.uni-landau.de\/lingo-und-parla\/unterrichtsmaterial\/sprachen-untersuchen\/","title":{"rendered":"Sprachen untersuchen"},"content":{"rendered":"\n<div class=\"material_ansicht\"><div class=\"listing-item\"><a class=\"image\" href=\"https:\/\/grupaed.uni-landau.de\/lingo-und-parla\/material\/buchstabenkarten-in-verschiedenen-sprachen\/\"><img loading=\"lazy\" decoding=\"async\" width=\"150\" height=\"150\" src=\"https:\/\/grupaed.uni-landau.de\/lingo-und-parla\/wp-content\/uploads\/2020\/12\/letters-3704026_1280-150x150.jpg\" class=\"attachment-thumbnail size-thumbnail wp-post-image\" alt=\"\" \/><\/a> <a class=\"title\" href=\"https:\/\/grupaed.uni-landau.de\/lingo-und-parla\/material\/buchstabenkarten-in-verschiedenen-sprachen\/\">Buchstabenkarten in verschiedenen Sprachen<\/a> <span class=\"excerpt\">... mit den Buchstaben und Schriftzeichen der verschiedenen Sprachen<\/span><\/div><div class=\"listing-item\"><a class=\"image\" href=\"https:\/\/grupaed.uni-landau.de\/lingo-und-parla\/material\/kollokationen\/\"><img loading=\"lazy\" decoding=\"async\" width=\"150\" height=\"150\" src=\"https:\/\/grupaed.uni-landau.de\/lingo-und-parla\/wp-content\/uploads\/2020\/05\/DWDS_Kollok_Ziel_big-150x150.png\" class=\"attachment-thumbnail size-thumbnail wp-post-image\" alt=\"Kollokationsgraph f\u00fcr Ziel aus dem DWDS\" \/><\/a> <a class=\"title\" href=\"https:\/\/grupaed.uni-landau.de\/lingo-und-parla\/material\/kollokationen\/\">Kollokationen&#8230;<\/a> <span class=\"excerpt\">...ein Vergleich mit anderen Sprachen lohnt sich<\/span><\/div><div class=\"listing-item\"><a class=\"image\" href=\"https:\/\/grupaed.uni-landau.de\/lingo-und-parla\/material\/hausaufgaben-huiswerk-oder-lekser\/\"><img loading=\"lazy\" decoding=\"async\" width=\"150\" height=\"150\" src=\"https:\/\/grupaed.uni-landau.de\/lingo-und-parla\/wp-content\/uploads\/2020\/04\/student-41444_1280-150x150.png\" class=\"attachment-thumbnail size-thumbnail wp-post-image\" alt=\"Hausaufgaben\" \/><\/a> <a class=\"title\" href=\"https:\/\/grupaed.uni-landau.de\/lingo-und-parla\/material\/hausaufgaben-huiswerk-oder-lekser\/\">Hausaufgaben, huiswerk oder lekser?<\/a> <span class=\"excerpt\">Auf den Spuren der W\u00f6rter und Bezeichungen, k\u00f6nnen Sch\u00fclerinnen und Sch\u00fcler...<\/span><\/div><div class=\"listing-item\"><a class=\"image\" href=\"https:\/\/grupaed.uni-landau.de\/lingo-und-parla\/material\/ein-tier-viele-bezeichnungen\/\"><img loading=\"lazy\" decoding=\"async\" width=\"150\" height=\"150\" src=\"https:\/\/grupaed.uni-landau.de\/lingo-und-parla\/wp-content\/uploads\/2020\/03\/Katze-150x150.png\" class=\"attachment-thumbnail size-thumbnail wp-post-image\" alt=\"Katze\" \/><\/a> <a class=\"title\" href=\"https:\/\/grupaed.uni-landau.de\/lingo-und-parla\/material\/ein-tier-viele-bezeichnungen\/\">Ein Tier &#8211; viele Bezeichnungen<\/a> <span class=\"excerpt\">Das Material regt zum Sprachvergleich an und weckt die Sprachenneugier der Sch\u00fclerinnen und Sch\u00fcler.<\/span><\/div><div class=\"listing-item\"><a class=\"image\" href=\"https:\/\/grupaed.uni-landau.de\/lingo-und-parla\/material\/ueber-woerter-nachdenken\/\"><img loading=\"lazy\" decoding=\"async\" width=\"150\" height=\"150\" src=\"https:\/\/grupaed.uni-landau.de\/lingo-und-parla\/wp-content\/uploads\/2020\/03\/Lupe-150x150.jpg\" class=\"attachment-thumbnail size-thumbnail wp-post-image\" alt=\"Lupe\" \/><\/a> <a class=\"title\" href=\"https:\/\/grupaed.uni-landau.de\/lingo-und-parla\/material\/ueber-woerter-nachdenken\/\">\u00dcber W\u00f6rter Nachdenken<\/a> <span class=\"excerpt\">Das Material regt zum Nachdenken \u00fcber die Bedeutung und Herkunft von W\u00f6rtern an.<\/span><\/div><div class=\"listing-item\"><a class=\"image\" href=\"https:\/\/grupaed.uni-landau.de\/lingo-und-parla\/material\/woerter-woerter-woerter\/\"><img loading=\"lazy\" decoding=\"async\" width=\"150\" height=\"150\" src=\"https:\/\/grupaed.uni-landau.de\/lingo-und-parla\/wp-content\/uploads\/2020\/01\/woerter-150x150.png\" class=\"attachment-thumbnail size-thumbnail wp-post-image\" alt=\"Wau wau in anderen Sprachen\" \/><\/a> <a class=\"title\" href=\"https:\/\/grupaed.uni-landau.de\/lingo-und-parla\/material\/woerter-woerter-woerter\/\">W\u00f6rter, W\u00f6rter, W\u00f6rter<\/a> <span class=\"excerpt\">Gemeinsamkeiten und Unterschiede zwischen Sprachen entdecken und dar\u00fcber reflektieren.<\/span><\/div><\/div>\n","protected":false},"excerpt":{"rendered":"","protected":false},"author":2,"featured_media":0,"parent":274,"menu_order":0,"comment_status":"closed","ping_status":"closed","template":"template-right-sidebar.php","meta":{"footnotes":""},"class_list":["post-297","page","type-page","status-publish","hentry"],"_links":{"self":[{"href":"https:\/\/grupaed.uni-landau.de\/lingo-und-parla\/wp-json\/wp\/v2\/pages\/297","targetHints":{"allow":["GET"]}}],"collection":[{"href":"https:\/\/grupaed.uni-landau.de\/lingo-und-parla\/wp-json\/wp\/v2\/pages"}],"about":[{"href":"https:\/\/grupaed.uni-landau.de\/lingo-und-parla\/wp-json\/wp\/v2\/types\/page"}],"author":[{"embeddable":true,"href":"https:\/\/grupaed.uni-landau.de\/lingo-und-parla\/wp-json\/wp\/v2\/users\/2"}],"replies":[{"embeddable":true,"href":"https:\/\/grupaed.uni-landau.de\/lingo-und-parla\/wp-json\/wp\/v2\/comments?post=297"}],"version-history":[{"count":3,"href":"https:\/\/grupaed.uni-landau.de\/lingo-und-parla\/wp-json\/wp\/v2\/pages\/297\/revisions"}],"predecessor-version":[{"id":1412,"href":"https:\/\/grupaed.uni-landau.de\/lingo-und-parla\/wp-json\/wp\/v2\/pages\/297\/revisions\/1412"}],"up":[{"embeddable":true,"href":"https:\/\/grupaed.uni-landau.de\/lingo-und-parla\/wp-json\/wp\/v2\/pages\/274"}],"wp:attachment":[{"href":"https:\/\/grupaed.uni-landau.de\/lingo-und-parla\/wp-json\/wp\/v2\/media?parent=297"}],"curies":[{"name":"wp","href":"https:\/\/api.w.org\/{rel}","templated":true}]}}