{"id":299,"date":"2020-01-23T16:40:34","date_gmt":"2020-01-23T15:40:34","guid":{"rendered":"https:\/\/grupaed.uni-landau.de\/wildemann\/?page_id=299"},"modified":"2024-04-16T14:58:46","modified_gmt":"2024-04-16T12:58:46","slug":"sprachfoerderung","status":"publish","type":"page","link":"https:\/\/grupaed.uni-landau.de\/lingo-und-parla\/unterrichtsmaterial\/sprachfoerderung\/","title":{"rendered":"Sprachf\u00f6rderung"},"content":{"rendered":"\n<div class=\"material_ansicht\"><div class=\"listing-item\"><a class=\"image\" href=\"https:\/\/grupaed.uni-landau.de\/lingo-und-parla\/material\/reflexion-einer-sprachfoerderung\/\"><img loading=\"lazy\" decoding=\"async\" width=\"150\" height=\"150\" src=\"https:\/\/grupaed.uni-landau.de\/lingo-und-parla\/wp-content\/uploads\/2020\/03\/Gl\u00fchbirne-150x150.png\" class=\"attachment-thumbnail size-thumbnail wp-post-image\" alt=\"Gl\u00fchbirne\" \/><\/a> <a class=\"title\" href=\"https:\/\/grupaed.uni-landau.de\/lingo-und-parla\/material\/reflexion-einer-sprachfoerderung\/\">Reflexion einer Sprachf\u00f6rderung<\/a> <span class=\"excerpt\">Anregungen und Hilfen f\u00fcr die Reflexion und Evaluation der Sprachf\u00f6rderung<\/span><\/div><div class=\"listing-item\"><a class=\"image\" href=\"https:\/\/grupaed.uni-landau.de\/lingo-und-parla\/material\/literacy-boxen\/\"><img loading=\"lazy\" decoding=\"async\" width=\"150\" height=\"150\" src=\"https:\/\/grupaed.uni-landau.de\/lingo-und-parla\/wp-content\/uploads\/2020\/03\/Literacy-Box-150x150.png\" class=\"attachment-thumbnail size-thumbnail wp-post-image\" alt=\"Literacy-Box\" \/><\/a> <a class=\"title\" href=\"https:\/\/grupaed.uni-landau.de\/lingo-und-parla\/material\/literacy-boxen\/\">Literacy-Boxen<\/a> <span class=\"excerpt\">Mit Literacy-Boxen k\u00f6nnen schriftbezogene Erfahrungen angebahnt und gef\u00f6rdert werden.<\/span><\/div><div class=\"listing-item\"><a class=\"image\" href=\"https:\/\/grupaed.uni-landau.de\/lingo-und-parla\/material\/foerderplanung\/\"><img loading=\"lazy\" decoding=\"async\" width=\"150\" height=\"150\" src=\"https:\/\/grupaed.uni-landau.de\/lingo-und-parla\/wp-content\/uploads\/2020\/03\/F\u00f6rderung-150x150.png\" class=\"attachment-thumbnail size-thumbnail wp-post-image\" alt=\"F\u00f6rderplanung\" \/><\/a> <a class=\"title\" href=\"https:\/\/grupaed.uni-landau.de\/lingo-und-parla\/material\/foerderplanung\/\">F\u00f6rderplanung<\/a> <span class=\"excerpt\">Hinweise, Tipps, und Formulare f\u00fcr die F\u00f6rderplanung und -evaluation<\/span><\/div><div class=\"listing-item\"><a class=\"image\" href=\"https:\/\/grupaed.uni-landau.de\/lingo-und-parla\/material\/broschuere-individuelle-foerderplaene\/\"><img loading=\"lazy\" decoding=\"async\" width=\"150\" height=\"150\" src=\"https:\/\/grupaed.uni-landau.de\/lingo-und-parla\/wp-content\/uploads\/2020\/03\/individuelle_foerderplaene-150x150.png\" class=\"attachment-thumbnail size-thumbnail wp-post-image\" alt=\"Brosch\u00fcre Individuelle F\u00f6rderpl\u00e4ne\" srcset=\"https:\/\/grupaed.uni-landau.de\/lingo-und-parla\/wp-content\/uploads\/2020\/03\/individuelle_foerderplaene-150x150.png 150w, https:\/\/grupaed.uni-landau.de\/lingo-und-parla\/wp-content\/uploads\/2020\/03\/individuelle_foerderplaene-300x300.png 300w, https:\/\/grupaed.uni-landau.de\/lingo-und-parla\/wp-content\/uploads\/2020\/03\/individuelle_foerderplaene.png 320w\" sizes=\"auto, (max-width: 150px) 100vw, 150px\" \/><\/a> <a class=\"title\" href=\"https:\/\/grupaed.uni-landau.de\/lingo-und-parla\/material\/broschuere-individuelle-foerderplaene\/\">Brosch\u00fcre &#8222;Individuelle F\u00f6rderpl\u00e4ne&#8220;<\/a> <span class=\"excerpt\">F\u00fcr die Entwicklung eines schulischen F\u00f6rderkonzepts ist die Brosch\u00fcre eine gute Basis.<\/span><\/div><div class=\"listing-item\"><a class=\"image\" href=\"https:\/\/grupaed.uni-landau.de\/lingo-und-parla\/material\/kartei-sprachsensibel-unterrichten\/\"><img loading=\"lazy\" decoding=\"async\" width=\"150\" height=\"150\" src=\"https:\/\/grupaed.uni-landau.de\/lingo-und-parla\/wp-content\/uploads\/2020\/03\/Kartei-Sprachsensibel_unterrichten-150x150.png\" class=\"attachment-thumbnail size-thumbnail wp-post-image\" alt=\"Kartei Sprachsensibel unterrichten\" \/><\/a> <a class=\"title\" href=\"https:\/\/grupaed.uni-landau.de\/lingo-und-parla\/material\/kartei-sprachsensibel-unterrichten\/\">Kartei: Sprachsensibel unterrichten<\/a> <span class=\"excerpt\">Eine Kartei, die dazu dient, f\u00fcr spezifische sprachliche Herausforderungen\nim\nUnterricht zu sensibilisieren.<\/span><\/div><\/div>\n","protected":false},"excerpt":{"rendered":"","protected":false},"author":2,"featured_media":0,"parent":274,"menu_order":0,"comment_status":"closed","ping_status":"closed","template":"template-right-sidebar.php","meta":{"footnotes":""},"class_list":["post-299","page","type-page","status-publish","hentry"],"_links":{"self":[{"href":"https:\/\/grupaed.uni-landau.de\/lingo-und-parla\/wp-json\/wp\/v2\/pages\/299","targetHints":{"allow":["GET"]}}],"collection":[{"href":"https:\/\/grupaed.uni-landau.de\/lingo-und-parla\/wp-json\/wp\/v2\/pages"}],"about":[{"href":"https:\/\/grupaed.uni-landau.de\/lingo-und-parla\/wp-json\/wp\/v2\/types\/page"}],"author":[{"embeddable":true,"href":"https:\/\/grupaed.uni-landau.de\/lingo-und-parla\/wp-json\/wp\/v2\/users\/2"}],"replies":[{"embeddable":true,"href":"https:\/\/grupaed.uni-landau.de\/lingo-und-parla\/wp-json\/wp\/v2\/comments?post=299"}],"version-history":[{"count":3,"href":"https:\/\/grupaed.uni-landau.de\/lingo-und-parla\/wp-json\/wp\/v2\/pages\/299\/revisions"}],"predecessor-version":[{"id":1411,"href":"https:\/\/grupaed.uni-landau.de\/lingo-und-parla\/wp-json\/wp\/v2\/pages\/299\/revisions\/1411"}],"up":[{"embeddable":true,"href":"https:\/\/grupaed.uni-landau.de\/lingo-und-parla\/wp-json\/wp\/v2\/pages\/274"}],"wp:attachment":[{"href":"https:\/\/grupaed.uni-landau.de\/lingo-und-parla\/wp-json\/wp\/v2\/media?parent=299"}],"curies":[{"name":"wp","href":"https:\/\/api.w.org\/{rel}","templated":true}]}}