{"id":947,"date":"2023-04-17T17:16:25","date_gmt":"2023-04-17T15:16:25","guid":{"rendered":"https:\/\/grupaed.uni-landau.de\/lingo-und-parla\/?page_id=947"},"modified":"2025-02-26T13:04:41","modified_gmt":"2025-02-26T12:04:41","slug":"ivoxikon","status":"publish","type":"page","link":"https:\/\/grupaed.uni-landau.de\/lingo-und-parla\/ivoxikon\/","title":{"rendered":"Erkl\u00e4rvideolexikon"},"content":{"rendered":"\n<div class=\"wp-block-columns is-layout-flex wp-container-core-columns-is-layout-9d6595d7 wp-block-columns-is-layout-flex\">\n<div class=\"wp-block-column is-layout-flow wp-block-column-is-layout-flow\">\n<figure class=\"wp-block-image size-large is-style-default\"><img loading=\"lazy\" decoding=\"async\" width=\"1024\" height=\"344\" src=\"https:\/\/grupaed.uni-landau.de\/lingo-und-parla\/wp-content\/uploads\/2023\/04\/iVoxikon-Logo-1024x344.png\" alt=\"iVoxikon\" class=\"wp-image-1104\" srcset=\"https:\/\/grupaed.uni-landau.de\/lingo-und-parla\/wp-content\/uploads\/2023\/04\/iVoxikon-Logo-1024x344.png 1024w, https:\/\/grupaed.uni-landau.de\/lingo-und-parla\/wp-content\/uploads\/2023\/04\/iVoxikon-Logo-300x101.png 300w, https:\/\/grupaed.uni-landau.de\/lingo-und-parla\/wp-content\/uploads\/2023\/04\/iVoxikon-Logo-768x258.png 768w, https:\/\/grupaed.uni-landau.de\/lingo-und-parla\/wp-content\/uploads\/2023\/04\/iVoxikon-Logo-1536x516.png 1536w, https:\/\/grupaed.uni-landau.de\/lingo-und-parla\/wp-content\/uploads\/2023\/04\/iVoxikon-Logo.png 1888w\" sizes=\"auto, (max-width: 1024px) 100vw, 1024px\" \/><figcaption class=\"wp-element-caption\">Das iVoxikon ist ein Erkl\u00e4rvideolexikon mit interaktiven Lernvideos zu sprachwissenschaftlichen und sprachdidaktischen Themen.<\/figcaption><\/figure>\n<\/div>\n\n\n\n<div class=\"wp-block-column is-vertically-aligned-center is-layout-flow wp-block-column-is-layout-flow\">\n<div style=\"height:84px\" aria-hidden=\"true\" class=\"wp-block-spacer\"><\/div>\n\n\n\n<div class=\"wp-block-buttons is-layout-flex wp-block-buttons-is-layout-flex\">\n<div class=\"wp-block-button is-style-fill\"><a class=\"wp-block-button__link has-background wp-element-button\" href=\"https:\/\/olat.vcrp.de\/url\/RepositoryEntry\/3848833002\/Infos\/0?guest=true\" style=\"background-color:#015077\" target=\"_blank\" rel=\"noopener\">zum OpenOLAT-Kurs<\/a><\/div>\n<\/div>\n\n\n\n<div style=\"height:50px\" aria-hidden=\"true\" class=\"wp-block-spacer\"><\/div>\n\n\n\n<p>Der OLAT-Kurs enth\u00e4lt zus\u00e4tzlich zu den Videos viele erg\u00e4nzende und weiterf\u00fchrende Informationen.<\/p>\n<\/div>\n<\/div>\n\n\n\n<hr class=\"wp-block-separator has-css-opacity is-style-wide\"\/>\n\n\n\n<p class=\"has-medium-font-size\"><\/p>\n\n\n\n<p><\/p>\n","protected":false},"excerpt":{"rendered":"<p>Der OLAT-Kurs enth\u00e4lt zus\u00e4tzlich zu den Videos viele erg\u00e4nzende und weiterf\u00fchrende Informationen.<\/p>\n","protected":false},"author":2,"featured_media":1117,"parent":0,"menu_order":0,"comment_status":"closed","ping_status":"closed","template":"","meta":{"footnotes":""},"class_list":["post-947","page","type-page","status-publish","has-post-thumbnail","hentry"],"_links":{"self":[{"href":"https:\/\/grupaed.uni-landau.de\/lingo-und-parla\/wp-json\/wp\/v2\/pages\/947","targetHints":{"allow":["GET"]}}],"collection":[{"href":"https:\/\/grupaed.uni-landau.de\/lingo-und-parla\/wp-json\/wp\/v2\/pages"}],"about":[{"href":"https:\/\/grupaed.uni-landau.de\/lingo-und-parla\/wp-json\/wp\/v2\/types\/page"}],"author":[{"embeddable":true,"href":"https:\/\/grupaed.uni-landau.de\/lingo-und-parla\/wp-json\/wp\/v2\/users\/2"}],"replies":[{"embeddable":true,"href":"https:\/\/grupaed.uni-landau.de\/lingo-und-parla\/wp-json\/wp\/v2\/comments?post=947"}],"version-history":[{"count":97,"href":"https:\/\/grupaed.uni-landau.de\/lingo-und-parla\/wp-json\/wp\/v2\/pages\/947\/revisions"}],"predecessor-version":[{"id":1524,"href":"https:\/\/grupaed.uni-landau.de\/lingo-und-parla\/wp-json\/wp\/v2\/pages\/947\/revisions\/1524"}],"wp:featuredmedia":[{"embeddable":true,"href":"https:\/\/grupaed.uni-landau.de\/lingo-und-parla\/wp-json\/wp\/v2\/media\/1117"}],"wp:attachment":[{"href":"https:\/\/grupaed.uni-landau.de\/lingo-und-parla\/wp-json\/wp\/v2\/media?parent=947"}],"curies":[{"name":"wp","href":"https:\/\/api.w.org\/{rel}","templated":true}]}}